{"id":7304,"date":"2023-06-15T17:16:46","date_gmt":"2023-06-15T15:16:46","guid":{"rendered":"https:\/\/ael2023.massilia.info\/csr-legal\/camions-frigorifiques\/"},"modified":"2025-02-13T10:48:34","modified_gmt":"2025-02-13T09:48:34","slug":"camions-frigorifiques","status":"publish","type":"page","link":"https:\/\/www.africaexpressline.com\/fr\/camions-frigorifiques\/","title":{"rendered":"Camions frigorifiques"},"content":{"rendered":"\n<p>Les conteneurs frigorifiques d&rsquo;AEL comptent parmi les plus efficaces et les plus \u00ab\u00a0intelligents\u00a0\u00bb en service aujourd&rsquo;hui. Les conteneurs frigorifiques d&rsquo;AEL sont fabriqu\u00e9s selon les normes de conception les plus strictes, chaque frigorifique fonctionnant avec un logiciel \u00ab\u00a0intelligent\u00a0\u00bb sp\u00e9cialis\u00e9, qui permet de r\u00e9duire la consommation d&rsquo;\u00e9nergie tout en maintenant un contr\u00f4le \u00e9troit de la temp\u00e9rature afin de prot\u00e9ger la qualit\u00e9 de la cargaison. <\/p>\n\n\n\n<p>Le suivi \u00e0 distance de tous les conteneurs frigorifiques d&rsquo;AEL permet une gestion pr\u00e9cise des actifs, un contr\u00f4le minutieux de la temp\u00e9rature et du niveau de gaz, ainsi qu&rsquo;une r\u00e9ponse rapide aux alarmes critiques. Cela permet d&rsquo;assurer les niveaux les plus \u00e9lev\u00e9s et les plus s\u00fbrs de gestion de la cha\u00eene du froid de porte \u00e0 porte. <\/p>\n\n\n\n<div class=\"wp-block-divi-layout\">[et_pb_section fb_built=\u00a0\u00bb1&Prime; _builder_version=\u00a0\u00bb4.21.0&Prime; _module_preset=\u00a0\u00bbdefault\u00a0\u00bb custom_margin=\u00a0\u00bb20px|0px|0px|0px|false|false\u00a0\u00bb custom_padding=\u00a0\u00bb0px|0px|0px|0px|false|false\u00a0\u00bb global_colors_info=\u00a0\u00bb{}\u00a0\u00bb][et_pb_row _builder_version=\u00a0\u00bb4.21.0&Prime; _module_preset=\u00a0\u00bbdefault\u00a0\u00bb width=\u00a0\u00bb100%\u00a0\u00bb global_colors_info=\u00a0\u00bb{}\u00a0\u00bb][et_pb_column type=\u00a0\u00bb4_4&Prime; _builder_version=\u00a0\u00bb4.21.0&Prime; _module_preset=\u00a0\u00bbdefault\u00a0\u00bb global_colors_info=\u00a0\u00bb{}\u00a0\u00bb][dnxte_coverflowslider_parent dnxte_coverflow_loop=\u00a0\u00bbon\u00a0\u00bb dnxte_coverflow_centered_slides=\u00a0\u00bbon\u00a0\u00bb dnxte_coverflow_auto_height=\u00a0\u00bbon\u00a0\u00bb dnxte_coverflow_equal_height=\u00a0\u00bboff\u00a0\u00bb dnxte_coverflow_grab=\u00a0\u00bbon\u00a0\u00bb dnxte_coverflow_keyboard_enable=\u00a0\u00bboff\u00a0\u00bb dnxte_coverflow_mousewheel_enable=\u00a0\u00bboff\u00a0\u00bb dnxte_coverflow_speed=\u00a0\u00bb674&Prime; dnxte_coverflow_arrows=\u00a0\u00bbon\u00a0\u00bb dnxte_coverflow_pagination_type=\u00a0\u00bbnone\u00a0\u00bb dnxte_coverflow_breakpoint_desktop=\u00a0\u00bb2&Prime; dnxte_coverflow_arrow_color=\u00a0\u00bbrgba(255,255,255,0.7)\u00a0\u00bb dnxte_coverflow_arrow_background_color=\u00a0\u00bbrgba(255,255,255,0)\u00a0\u00bb dnxte_coverflow_arrow_size=\u00a0\u00bb48&Prime; lightbox_showhide=\u00a0\u00bbon\u00a0\u00bb dnxte_coverflow_breakpoint_desktop_tablet=\u00a0\u00bb2&Prime; dnxte_coverflow_breakpoint_desktop_phone=\u00a0\u00bb2&Prime; dnxte_coverflow_breakpoint_desktop_last_edited=\u00a0\u00bbon|phone\u00a0\u00bb admin_label=\u00a0\u00bbNext Divi Carousel\u00a0\u00bb module_class=\u00a0\u00bbslider-filiale\u00a0\u00bb _builder_version=\u00a0\u00bb4.21.0&Prime; _module_preset=\u00a0\u00bbdefault\u00a0\u00bb custom_margin=\u00a0\u00bb||||false|false\u00a0\u00bb custom_padding=\u00a0\u00bb||||false|false\u00a0\u00bb custom_padding_tablet=\u00a0\u00bb||||false|false\u00a0\u00bb custom_padding_phone=\u00a0\u00bb||30px||false|false\u00a0\u00bb custom_padding_last_edited=\u00a0\u00bboff|desktop\u00a0\u00bb border_radii_image_border=\u00a0\u00bbon|15px|15px|15px|15px\u00a0\u00bb global_colors_info=\u00a0\u00bb{}\u00a0\u00bb][dnxte_coverflowslider_child coverflowslider_image=\u00a0\u00bbhttps:\/\/www.africaexpressline.com\/wp-content\/uploads\/2023\/06\/ael-refrigerated-reefers-slider-1-500&#215;500.webp\u00a0\u00bb _builder_version=\u00a0\u00bb4.21.0&Prime; _module_preset=\u00a0\u00bbdefault\u00a0\u00bb hover_enabled=\u00a0\u00bb0&Prime; global_colors_info=\u00a0\u00bb{}\u00a0\u00bb title_text=\u00a0\u00bbael-refrigerated-reefers-slider-1&Prime; sticky_enabled=\u00a0\u00bb0&Prime;][\/dnxte_coverflowslider_child][dnxte_coverflowslider_child coverflowslider_image=\u00a0\u00bbhttps:\/\/www.africaexpressline.com\/wp-content\/uploads\/2023\/06\/ael-refrigerated-reefers-slider-2-500&#215;500.webp\u00a0\u00bb _builder_version=\u00a0\u00bb4.21.0&Prime; _module_preset=\u00a0\u00bbdefault\u00a0\u00bb hover_enabled=\u00a0\u00bb0&Prime; global_colors_info=\u00a0\u00bb{}\u00a0\u00bb title_text=\u00a0\u00bbael-refrigerated-reefers-slider-2&Prime; sticky_enabled=\u00a0\u00bb0&Prime;][\/dnxte_coverflowslider_child][dnxte_coverflowslider_child coverflowslider_image=\u00a0\u00bbhttps:\/\/www.africaexpressline.com\/wp-content\/uploads\/2023\/06\/ael-refrigerated-reefers-slider-3-500&#215;500.webp\u00a0\u00bb _builder_version=\u00a0\u00bb4.21.0&Prime; _module_preset=\u00a0\u00bbdefault\u00a0\u00bb global_colors_info=\u00a0\u00bb{}\u00a0\u00bb title_text=\u00a0\u00bbael-refrigerated-reefers-slider-3&Prime;][\/dnxte_coverflowslider_child][\/dnxte_coverflowslider_parent][\/et_pb_column][\/et_pb_row][\/et_pb_section]<\/div>\n\n\n\n<p>Les camions frigorifiques AEL peuvent fournir un environnement \u00e0 faible teneur en oxyg\u00e8ne et \u00e0 atmosph\u00e8re contr\u00f4l\u00e9e, ce qui a \u00e9t\u00e9 prouv\u00e9 par l&rsquo;industrie pour prolonger la dur\u00e9e de conservation des bananes, des mangues et des tomates. Notre \u00e9quipe exp\u00e9riment\u00e9e et d\u00e9vou\u00e9e d&rsquo;experts, d&rsquo;ing\u00e9nieurs et de supercargoes d&rsquo;Afrique de l&rsquo;Ouest peut fournir une assistance technique et un suivi des marchandises 24 heures sur 24, 7 jours sur 7, sur l&rsquo;ensemble du r\u00e9seau de transport. <\/p>\n\n\n\n<p>L&rsquo;entreprise s&rsquo;efforce de veiller \u00e0 ce que sa flotte de conteneurs soit construite et exploit\u00e9e avec la plus faible empreinte carbone possible. Nous surveillons en permanence la technologie des conteneurs afin d&rsquo;innover et de l&rsquo;am\u00e9liorer, tout en veillant au respect de la l\u00e9gislation sur les r\u00e9frig\u00e9rants.<\/p>\n","protected":false},"excerpt":{"rendered":"<p>Les conteneurs frigorifiques d&rsquo;AEL comptent parmi les plus efficaces et les plus \u00ab\u00a0intelligents\u00a0\u00bb en service aujourd&rsquo;hui. Les conteneurs frigorifiques d&rsquo;AEL sont fabriqu\u00e9s selon les normes de conception les plus strictes, chaque frigorifique fonctionnant avec un logiciel \u00ab\u00a0intelligent\u00a0\u00bb sp\u00e9cialis\u00e9, qui permet de r\u00e9duire la consommation d&rsquo;\u00e9nergie tout en maintenant un contr\u00f4le \u00e9troit de la temp\u00e9rature afin [&hellip;]<\/p>\n","protected":false},"author":1,"featured_media":0,"parent":0,"menu_order":0,"comment_status":"closed","ping_status":"closed","template":"","meta":{"_et_pb_use_builder":"off","_et_pb_old_content":"","_et_gb_content_width":"","footnotes":""},"class_list":["post-7304","page","type-page","status-publish","hentry"],"yoast_head":"<!-- This site is optimized with the Yoast SEO plugin v27.1.1 - https:\/\/yoast.com\/product\/yoast-seo-wordpress\/ -->\n<title>Conteneurs r\u00e9frig\u00e9r\u00e9s intelligents et efficaces | AEL<\/title>\n<meta name=\"description\" content=\"Les reefers d&#039;AEL utilisent des logiciels intelligents et un suivi \u00e0 distance pour un contr\u00f4le de temp\u00e9rature \u00e9co\u00e9nerg\u00e9tique et une gestion optimale de la cha\u00eene du froid.\" \/>\n<meta name=\"robots\" content=\"index, follow, max-snippet:-1, max-image-preview:large, max-video-preview:-1\" \/>\n<link rel=\"canonical\" href=\"https:\/\/www.africaexpressline.com\/fr\/camions-frigorifiques\/\" \/>\n<meta property=\"og:locale\" content=\"fr_FR\" \/>\n<meta property=\"og:type\" content=\"article\" \/>\n<meta property=\"og:title\" content=\"Conteneurs r\u00e9frig\u00e9r\u00e9s intelligents et efficaces | AEL\" \/>\n<meta property=\"og:description\" content=\"Les reefers d&#039;AEL utilisent des logiciels intelligents et un suivi \u00e0 distance pour un contr\u00f4le de temp\u00e9rature \u00e9co\u00e9nerg\u00e9tique et une gestion optimale de la cha\u00eene du froid.\" \/>\n<meta property=\"og:url\" content=\"https:\/\/www.africaexpressline.com\/fr\/camions-frigorifiques\/\" \/>\n<meta property=\"og:site_name\" content=\"Africa Express Line\" \/>\n<meta property=\"article:modified_time\" content=\"2025-02-13T09:48:34+00:00\" \/>\n<meta property=\"og:image\" content=\"https:\/\/www.africaexpressline.com\/wp-content\/uploads\/2023\/06\/ael-africa-express-line-logo.png\" \/>\n\t<meta property=\"og:image:width\" content=\"261\" \/>\n\t<meta property=\"og:image:height\" content=\"154\" \/>\n\t<meta property=\"og:image:type\" content=\"image\/png\" \/>\n<meta name=\"twitter:card\" content=\"summary_large_image\" \/>\n<meta name=\"twitter:label1\" content=\"Dur\u00e9e de lecture estim\u00e9e\" \/>\n\t<meta name=\"twitter:data1\" content=\"2 minutes\" \/>\n<script type=\"application\/ld+json\" class=\"yoast-schema-graph\">{\"@context\":\"https:\/\/schema.org\",\"@graph\":[{\"@type\":\"WebPage\",\"@id\":\"https:\/\/www.africaexpressline.com\/fr\/camions-frigorifiques\/\",\"url\":\"https:\/\/www.africaexpressline.com\/fr\/camions-frigorifiques\/\",\"name\":\"Conteneurs r\u00e9frig\u00e9r\u00e9s intelligents et efficaces | AEL\",\"isPartOf\":{\"@id\":\"https:\/\/www.africaexpressline.com\/#website\"},\"datePublished\":\"2023-06-15T15:16:46+00:00\",\"dateModified\":\"2025-02-13T09:48:34+00:00\",\"description\":\"Les reefers d'AEL utilisent des logiciels intelligents et un suivi \u00e0 distance pour un contr\u00f4le de temp\u00e9rature \u00e9co\u00e9nerg\u00e9tique et une gestion optimale de la cha\u00eene du froid.\",\"breadcrumb\":{\"@id\":\"https:\/\/www.africaexpressline.com\/fr\/camions-frigorifiques\/#breadcrumb\"},\"inLanguage\":\"fr-FR\",\"potentialAction\":[{\"@type\":\"ReadAction\",\"target\":[\"https:\/\/www.africaexpressline.com\/fr\/camions-frigorifiques\/\"]}]},{\"@type\":\"BreadcrumbList\",\"@id\":\"https:\/\/www.africaexpressline.com\/fr\/camions-frigorifiques\/#breadcrumb\",\"itemListElement\":[{\"@type\":\"ListItem\",\"position\":1,\"name\":\"Home\",\"item\":\"https:\/\/www.africaexpressline.com\/fr\/\"},{\"@type\":\"ListItem\",\"position\":2,\"name\":\"Camions frigorifiques\"}]},{\"@type\":\"WebSite\",\"@id\":\"https:\/\/www.africaexpressline.com\/#website\",\"url\":\"https:\/\/www.africaexpressline.com\/\",\"name\":\"Africa Express Line\",\"description\":\"AEL is a Compagnie Fruiti\u00e8re Group Company\",\"publisher\":{\"@id\":\"https:\/\/www.africaexpressline.com\/#organization\"},\"potentialAction\":[{\"@type\":\"SearchAction\",\"target\":{\"@type\":\"EntryPoint\",\"urlTemplate\":\"https:\/\/www.africaexpressline.com\/?s={search_term_string}\"},\"query-input\":{\"@type\":\"PropertyValueSpecification\",\"valueRequired\":true,\"valueName\":\"search_term_string\"}}],\"inLanguage\":\"fr-FR\"},{\"@type\":\"Organization\",\"@id\":\"https:\/\/www.africaexpressline.com\/#organization\",\"name\":\"Africa Express Line\",\"url\":\"https:\/\/www.africaexpressline.com\/\",\"logo\":{\"@type\":\"ImageObject\",\"inLanguage\":\"fr-FR\",\"@id\":\"https:\/\/www.africaexpressline.com\/#\/schema\/logo\/image\/\",\"url\":\"https:\/\/www.africaexpressline.com\/wp-content\/uploads\/2023\/06\/ael-africa-express-line-logo.webp\",\"contentUrl\":\"https:\/\/www.africaexpressline.com\/wp-content\/uploads\/2023\/06\/ael-africa-express-line-logo.webp\",\"width\":261,\"height\":154,\"caption\":\"Africa Express Line\"},\"image\":{\"@id\":\"https:\/\/www.africaexpressline.com\/#\/schema\/logo\/image\/\"}}]}<\/script>\n<!-- \/ Yoast SEO plugin. -->","yoast_head_json":{"title":"Conteneurs r\u00e9frig\u00e9r\u00e9s intelligents et efficaces | AEL","description":"Les reefers d'AEL utilisent des logiciels intelligents et un suivi \u00e0 distance pour un contr\u00f4le de temp\u00e9rature \u00e9co\u00e9nerg\u00e9tique et une gestion optimale de la cha\u00eene du froid.","robots":{"index":"index","follow":"follow","max-snippet":"max-snippet:-1","max-image-preview":"max-image-preview:large","max-video-preview":"max-video-preview:-1"},"canonical":"https:\/\/www.africaexpressline.com\/fr\/camions-frigorifiques\/","og_locale":"fr_FR","og_type":"article","og_title":"Conteneurs r\u00e9frig\u00e9r\u00e9s intelligents et efficaces | AEL","og_description":"Les reefers d'AEL utilisent des logiciels intelligents et un suivi \u00e0 distance pour un contr\u00f4le de temp\u00e9rature \u00e9co\u00e9nerg\u00e9tique et une gestion optimale de la cha\u00eene du froid.","og_url":"https:\/\/www.africaexpressline.com\/fr\/camions-frigorifiques\/","og_site_name":"Africa Express Line","article_modified_time":"2025-02-13T09:48:34+00:00","og_image":[{"width":261,"height":154,"url":"https:\/\/www.africaexpressline.com\/wp-content\/uploads\/2023\/06\/ael-africa-express-line-logo.png","type":"image\/png"}],"twitter_card":"summary_large_image","twitter_misc":{"Dur\u00e9e de lecture estim\u00e9e":"2 minutes"},"schema":{"@context":"https:\/\/schema.org","@graph":[{"@type":"WebPage","@id":"https:\/\/www.africaexpressline.com\/fr\/camions-frigorifiques\/","url":"https:\/\/www.africaexpressline.com\/fr\/camions-frigorifiques\/","name":"Conteneurs r\u00e9frig\u00e9r\u00e9s intelligents et efficaces | AEL","isPartOf":{"@id":"https:\/\/www.africaexpressline.com\/#website"},"datePublished":"2023-06-15T15:16:46+00:00","dateModified":"2025-02-13T09:48:34+00:00","description":"Les reefers d'AEL utilisent des logiciels intelligents et un suivi \u00e0 distance pour un contr\u00f4le de temp\u00e9rature \u00e9co\u00e9nerg\u00e9tique et une gestion optimale de la cha\u00eene du froid.","breadcrumb":{"@id":"https:\/\/www.africaexpressline.com\/fr\/camions-frigorifiques\/#breadcrumb"},"inLanguage":"fr-FR","potentialAction":[{"@type":"ReadAction","target":["https:\/\/www.africaexpressline.com\/fr\/camions-frigorifiques\/"]}]},{"@type":"BreadcrumbList","@id":"https:\/\/www.africaexpressline.com\/fr\/camions-frigorifiques\/#breadcrumb","itemListElement":[{"@type":"ListItem","position":1,"name":"Home","item":"https:\/\/www.africaexpressline.com\/fr\/"},{"@type":"ListItem","position":2,"name":"Camions frigorifiques"}]},{"@type":"WebSite","@id":"https:\/\/www.africaexpressline.com\/#website","url":"https:\/\/www.africaexpressline.com\/","name":"Africa Express Line","description":"AEL is a Compagnie Fruiti\u00e8re Group Company","publisher":{"@id":"https:\/\/www.africaexpressline.com\/#organization"},"potentialAction":[{"@type":"SearchAction","target":{"@type":"EntryPoint","urlTemplate":"https:\/\/www.africaexpressline.com\/?s={search_term_string}"},"query-input":{"@type":"PropertyValueSpecification","valueRequired":true,"valueName":"search_term_string"}}],"inLanguage":"fr-FR"},{"@type":"Organization","@id":"https:\/\/www.africaexpressline.com\/#organization","name":"Africa Express Line","url":"https:\/\/www.africaexpressline.com\/","logo":{"@type":"ImageObject","inLanguage":"fr-FR","@id":"https:\/\/www.africaexpressline.com\/#\/schema\/logo\/image\/","url":"https:\/\/www.africaexpressline.com\/wp-content\/uploads\/2023\/06\/ael-africa-express-line-logo.webp","contentUrl":"https:\/\/www.africaexpressline.com\/wp-content\/uploads\/2023\/06\/ael-africa-express-line-logo.webp","width":261,"height":154,"caption":"Africa Express Line"},"image":{"@id":"https:\/\/www.africaexpressline.com\/#\/schema\/logo\/image\/"}}]}},"_links":{"self":[{"href":"https:\/\/www.africaexpressline.com\/fr\/wp-json\/wp\/v2\/pages\/7304","targetHints":{"allow":["GET"]}}],"collection":[{"href":"https:\/\/www.africaexpressline.com\/fr\/wp-json\/wp\/v2\/pages"}],"about":[{"href":"https:\/\/www.africaexpressline.com\/fr\/wp-json\/wp\/v2\/types\/page"}],"author":[{"embeddable":true,"href":"https:\/\/www.africaexpressline.com\/fr\/wp-json\/wp\/v2\/users\/1"}],"replies":[{"embeddable":true,"href":"https:\/\/www.africaexpressline.com\/fr\/wp-json\/wp\/v2\/comments?post=7304"}],"version-history":[{"count":4,"href":"https:\/\/www.africaexpressline.com\/fr\/wp-json\/wp\/v2\/pages\/7304\/revisions"}],"predecessor-version":[{"id":8211,"href":"https:\/\/www.africaexpressline.com\/fr\/wp-json\/wp\/v2\/pages\/7304\/revisions\/8211"}],"wp:attachment":[{"href":"https:\/\/www.africaexpressline.com\/fr\/wp-json\/wp\/v2\/media?parent=7304"}],"curies":[{"name":"wp","href":"https:\/\/api.w.org\/{rel}","templated":true}]}}