{"id":7294,"date":"2023-03-22T01:06:35","date_gmt":"2023-03-22T00:06:35","guid":{"rendered":"https:\/\/ael2023.massilia.info\/flotte-de-conteneurs\/controlled-atmosphere-containers\/"},"modified":"2025-02-13T10:47:04","modified_gmt":"2025-02-13T09:47:04","slug":"conteneurs-atmosphere-controlee","status":"publish","type":"page","link":"https:\/\/www.africaexpressline.com\/fr\/conteneurs-atmosphere-controlee\/","title":{"rendered":"Conteneurs \u00e0 atmosph\u00e8re contr\u00f4l\u00e9e"},"content":{"rendered":"\n<p>Depuis 2005, AEL a beaucoup travaill\u00e9 sur les op\u00e9rations en atmosph\u00e8re contr\u00f4l\u00e9e (AC).<\/p>\n\n\n\n<p>Nous travaillons en partenariat avec des fournisseurs cl\u00e9s pour concevoir et construire des \u00e9quipements d&rsquo;AC sp\u00e9cialis\u00e9s, qui peuvent fonctionner \u00e0 la fois sur des navires frigorifiques conventionnels sp\u00e9cialis\u00e9s et sur des porte-conteneurs frigorifiques. Avec une \u00e9quipe d\u00e9di\u00e9e d&rsquo;ing\u00e9nieurs sp\u00e9cialis\u00e9s dans l&rsquo;AC et les conteneurs r\u00e9frig\u00e9r\u00e9s, bas\u00e9e en Afrique de l&rsquo;Ouest et naviguant sur tous nos navires, ce service de qualit\u00e9 distinctif prolonge la dur\u00e9e de conservation de la banane en maintenant le m\u00e9lange critique de gaz d&rsquo;oxyg\u00e8ne et de dioxyde de carbone pendant le transit en mer.<\/p>\n\n\n\n<div class=\"wp-block-divi-layout\">[et_pb_section fb_built=\u00a0\u00bb1&Prime; admin_label=\u00a0\u00bbsection\u00a0\u00bb _builder_version=\u00a0\u00bb4.21.0&Prime; hover_enabled=\u00a0\u00bb0&Prime; global_colors_info=\u00a0\u00bb{}\u00a0\u00bb custom_margin=\u00a0\u00bb20px|0px|0px|0px|false|false\u00a0\u00bb custom_padding=\u00a0\u00bb0px|0px|0px|0px|false|false\u00a0\u00bb sticky_enabled=\u00a0\u00bb0&Prime;][et_pb_row admin_label=\u00a0\u00bbrow\u00a0\u00bb _builder_version=\u00a0\u00bb4.21.0&Prime; background_size=\u00a0\u00bbinitial\u00a0\u00bb background_position=\u00a0\u00bbtop_left\u00a0\u00bb background_repeat=\u00a0\u00bbrepeat\u00a0\u00bb hover_enabled=\u00a0\u00bb0&Prime; global_colors_info=\u00a0\u00bb{}\u00a0\u00bb custom_margin=\u00a0\u00bb0px|0px|0px|0px|false|false\u00a0\u00bb custom_padding=\u00a0\u00bb0px|0px|0px|0px|false|false\u00a0\u00bb width=\u00a0\u00bb100%\u00a0\u00bb sticky_enabled=\u00a0\u00bb0&Prime;][et_pb_column _builder_version=\u00a0\u00bb4.21.0&Prime; _module_preset=\u00a0\u00bbdefault\u00a0\u00bb type=\u00a0\u00bb4_4&Prime;][dnxte_coverflowslider_parent dnxte_coverflow_loop=\u00a0\u00bbon\u00a0\u00bb dnxte_coverflow_centered_slides=\u00a0\u00bbon\u00a0\u00bb dnxte_coverflow_auto_height=\u00a0\u00bbon\u00a0\u00bb dnxte_coverflow_equal_height=\u00a0\u00bboff\u00a0\u00bb dnxte_coverflow_grab=\u00a0\u00bbon\u00a0\u00bb dnxte_coverflow_keyboard_enable=\u00a0\u00bboff\u00a0\u00bb dnxte_coverflow_mousewheel_enable=\u00a0\u00bboff\u00a0\u00bb dnxte_coverflow_speed=\u00a0\u00bb674&Prime; dnxte_coverflow_arrows=\u00a0\u00bbon\u00a0\u00bb dnxte_coverflow_pagination_type=\u00a0\u00bbnone\u00a0\u00bb dnxte_coverflow_breakpoint_desktop=\u00a0\u00bb2&Prime; dnxte_coverflow_arrow_color=\u00a0\u00bbrgba(255,255,255,0.7)\u00a0\u00bb dnxte_coverflow_arrow_background_color=\u00a0\u00bbrgba(255,255,255,0)\u00a0\u00bb dnxte_coverflow_arrow_size=\u00a0\u00bb48&Prime; lightbox_showhide=\u00a0\u00bbon\u00a0\u00bb dnxte_coverflow_breakpoint_desktop_tablet=\u00a0\u00bb2&Prime; dnxte_coverflow_breakpoint_desktop_phone=\u00a0\u00bb2&Prime; dnxte_coverflow_breakpoint_desktop_last_edited=\u00a0\u00bbon|phone\u00a0\u00bb admin_label=\u00a0\u00bbNext Divi Carousel\u00a0\u00bb module_class=\u00a0\u00bbslider-filiale\u00a0\u00bb _builder_version=\u00a0\u00bb4.21.0&Prime; _module_preset=\u00a0\u00bbdefault\u00a0\u00bb custom_margin=\u00a0\u00bb||||false|false\u00a0\u00bb custom_padding=\u00a0\u00bb||||false|false\u00a0\u00bb custom_padding_tablet=\u00a0\u00bb||||false|false\u00a0\u00bb custom_padding_phone=\u00a0\u00bb||30px||false|false\u00a0\u00bb custom_padding_last_edited=\u00a0\u00bboff|desktop\u00a0\u00bb hover_enabled=\u00a0\u00bb0&Prime; border_radii_image_border=\u00a0\u00bbon|15px|15px|15px|15px\u00a0\u00bb global_colors_info=\u00a0\u00bb{}\u00a0\u00bb theme_builder_area=\u00a0\u00bbpost_content\u00a0\u00bb sticky_enabled=\u00a0\u00bb0&Prime;][dnxte_coverflowslider_child coverflowslider_image=\u00a0\u00bbhttps:\/\/www.africaexpressline.com\/wp-content\/uploads\/2023\/06\/controlled-atmosphere-containers-slider-1-500&#215;500.webp\u00a0\u00bb _builder_version=\u00a0\u00bb4.21.0&Prime; _module_preset=\u00a0\u00bbdefault\u00a0\u00bb hover_enabled=\u00a0\u00bb0&Prime; global_colors_info=\u00a0\u00bb{}\u00a0\u00bb theme_builder_area=\u00a0\u00bbpost_content\u00a0\u00bb title_text=\u00a0\u00bbcontrolled-atmosphere-containers-slider-1&Prime; sticky_enabled=\u00a0\u00bb0&Prime;][\/dnxte_coverflowslider_child][dnxte_coverflowslider_child coverflowslider_image=\u00a0\u00bbhttps:\/\/www.africaexpressline.com\/wp-content\/uploads\/2023\/06\/controlled-atmosphere-containers-slider-2-500&#215;500.webp\u00a0\u00bb _builder_version=\u00a0\u00bb4.21.0&Prime; _module_preset=\u00a0\u00bbdefault\u00a0\u00bb hover_enabled=\u00a0\u00bb0&Prime; global_colors_info=\u00a0\u00bb{}\u00a0\u00bb theme_builder_area=\u00a0\u00bbpost_content\u00a0\u00bb title_text=\u00a0\u00bbcontrolled-atmosphere-containers-slider-2&Prime; sticky_enabled=\u00a0\u00bb0&Prime;][\/dnxte_coverflowslider_child][dnxte_coverflowslider_child coverflowslider_image=\u00a0\u00bbhttps:\/\/www.africaexpressline.com\/wp-content\/uploads\/2023\/06\/controlled-atmosphere-containers-slider-3-500&#215;500.webp\u00a0\u00bb _builder_version=\u00a0\u00bb4.21.0&Prime; _module_preset=\u00a0\u00bbdefault\u00a0\u00bb hover_enabled=\u00a0\u00bb0&Prime; global_colors_info=\u00a0\u00bb{}\u00a0\u00bb theme_builder_area=\u00a0\u00bbpost_content\u00a0\u00bb title_text=\u00a0\u00bbcontrolled-atmosphere-containers-slider-3&Prime; sticky_enabled=\u00a0\u00bb0&Prime;][\/dnxte_coverflowslider_child][\/dnxte_coverflowslider_parent][\/et_pb_column][\/et_pb_row][\/et_pb_section]<\/div>\n","protected":false},"excerpt":{"rendered":"<p>Depuis 2005, AEL a beaucoup travaill\u00e9 sur les op\u00e9rations en atmosph\u00e8re contr\u00f4l\u00e9e (AC). Nous travaillons en partenariat avec des fournisseurs cl\u00e9s pour concevoir et construire des \u00e9quipements d&rsquo;AC sp\u00e9cialis\u00e9s, qui peuvent fonctionner \u00e0 la fois sur des navires frigorifiques conventionnels sp\u00e9cialis\u00e9s et sur des porte-conteneurs frigorifiques. Avec une \u00e9quipe d\u00e9di\u00e9e d&rsquo;ing\u00e9nieurs sp\u00e9cialis\u00e9s dans l&rsquo;AC et [&hellip;]<\/p>\n","protected":false},"author":1,"featured_media":0,"parent":0,"menu_order":0,"comment_status":"closed","ping_status":"closed","template":"","meta":{"_et_pb_use_builder":"off","_et_pb_old_content":"","_et_gb_content_width":"","footnotes":""},"class_list":["post-7294","page","type-page","status-publish","hentry"],"yoast_head":"<!-- This site is optimized with the Yoast SEO plugin v27.1.1 - https:\/\/yoast.com\/product\/yoast-seo-wordpress\/ -->\n<title>Expertise en atmosph\u00e8re contr\u00f4l\u00e9e exp\u00e9dition de bananes | AEL<\/title>\n<meta name=\"description\" content=\"AEL est sp\u00e9cialis\u00e9 depuis 2005 dans les op\u00e9rations en atmosph\u00e8re contr\u00f4l\u00e9e, prolongeant la conservation des bananes avec des navires r\u00e9frig\u00e9r\u00e9s et \u00e9quipement CA.\" \/>\n<meta name=\"robots\" content=\"index, follow, max-snippet:-1, max-image-preview:large, max-video-preview:-1\" \/>\n<link rel=\"canonical\" href=\"https:\/\/www.africaexpressline.com\/fr\/conteneurs-atmosphere-controlee\/\" \/>\n<meta property=\"og:locale\" content=\"fr_FR\" \/>\n<meta property=\"og:type\" content=\"article\" \/>\n<meta property=\"og:title\" content=\"Expertise en atmosph\u00e8re contr\u00f4l\u00e9e exp\u00e9dition de bananes | AEL\" \/>\n<meta property=\"og:description\" content=\"AEL est sp\u00e9cialis\u00e9 depuis 2005 dans les op\u00e9rations en atmosph\u00e8re contr\u00f4l\u00e9e, prolongeant la conservation des bananes avec des navires r\u00e9frig\u00e9r\u00e9s et \u00e9quipement CA.\" \/>\n<meta property=\"og:url\" content=\"https:\/\/www.africaexpressline.com\/fr\/conteneurs-atmosphere-controlee\/\" \/>\n<meta property=\"og:site_name\" content=\"Africa Express Line\" \/>\n<meta property=\"article:modified_time\" content=\"2025-02-13T09:47:04+00:00\" \/>\n<meta property=\"og:image\" content=\"https:\/\/www.africaexpressline.com\/wp-content\/uploads\/2023\/06\/ael-africa-express-line-logo.png\" \/>\n\t<meta property=\"og:image:width\" content=\"261\" \/>\n\t<meta property=\"og:image:height\" content=\"154\" \/>\n\t<meta property=\"og:image:type\" content=\"image\/png\" \/>\n<meta name=\"twitter:card\" content=\"summary_large_image\" \/>\n<meta name=\"twitter:label1\" content=\"Dur\u00e9e de lecture estim\u00e9e\" \/>\n\t<meta name=\"twitter:data1\" content=\"1 minute\" \/>\n<script type=\"application\/ld+json\" class=\"yoast-schema-graph\">{\"@context\":\"https:\/\/schema.org\",\"@graph\":[{\"@type\":\"WebPage\",\"@id\":\"https:\/\/www.africaexpressline.com\/fr\/conteneurs-atmosphere-controlee\/\",\"url\":\"https:\/\/www.africaexpressline.com\/fr\/conteneurs-atmosphere-controlee\/\",\"name\":\"Expertise en atmosph\u00e8re contr\u00f4l\u00e9e exp\u00e9dition de bananes | AEL\",\"isPartOf\":{\"@id\":\"https:\/\/www.africaexpressline.com\/#website\"},\"datePublished\":\"2023-03-22T00:06:35+00:00\",\"dateModified\":\"2025-02-13T09:47:04+00:00\",\"description\":\"AEL est sp\u00e9cialis\u00e9 depuis 2005 dans les op\u00e9rations en atmosph\u00e8re contr\u00f4l\u00e9e, prolongeant la conservation des bananes avec des navires r\u00e9frig\u00e9r\u00e9s et \u00e9quipement CA.\",\"breadcrumb\":{\"@id\":\"https:\/\/www.africaexpressline.com\/fr\/conteneurs-atmosphere-controlee\/#breadcrumb\"},\"inLanguage\":\"fr-FR\",\"potentialAction\":[{\"@type\":\"ReadAction\",\"target\":[\"https:\/\/www.africaexpressline.com\/fr\/conteneurs-atmosphere-controlee\/\"]}]},{\"@type\":\"BreadcrumbList\",\"@id\":\"https:\/\/www.africaexpressline.com\/fr\/conteneurs-atmosphere-controlee\/#breadcrumb\",\"itemListElement\":[{\"@type\":\"ListItem\",\"position\":1,\"name\":\"Home\",\"item\":\"https:\/\/www.africaexpressline.com\/fr\/\"},{\"@type\":\"ListItem\",\"position\":2,\"name\":\"Conteneurs \u00e0 atmosph\u00e8re contr\u00f4l\u00e9e\"}]},{\"@type\":\"WebSite\",\"@id\":\"https:\/\/www.africaexpressline.com\/#website\",\"url\":\"https:\/\/www.africaexpressline.com\/\",\"name\":\"Africa Express Line\",\"description\":\"AEL is a Compagnie Fruiti\u00e8re Group Company\",\"publisher\":{\"@id\":\"https:\/\/www.africaexpressline.com\/#organization\"},\"potentialAction\":[{\"@type\":\"SearchAction\",\"target\":{\"@type\":\"EntryPoint\",\"urlTemplate\":\"https:\/\/www.africaexpressline.com\/?s={search_term_string}\"},\"query-input\":{\"@type\":\"PropertyValueSpecification\",\"valueRequired\":true,\"valueName\":\"search_term_string\"}}],\"inLanguage\":\"fr-FR\"},{\"@type\":\"Organization\",\"@id\":\"https:\/\/www.africaexpressline.com\/#organization\",\"name\":\"Africa Express Line\",\"url\":\"https:\/\/www.africaexpressline.com\/\",\"logo\":{\"@type\":\"ImageObject\",\"inLanguage\":\"fr-FR\",\"@id\":\"https:\/\/www.africaexpressline.com\/#\/schema\/logo\/image\/\",\"url\":\"https:\/\/www.africaexpressline.com\/wp-content\/uploads\/2023\/06\/ael-africa-express-line-logo.webp\",\"contentUrl\":\"https:\/\/www.africaexpressline.com\/wp-content\/uploads\/2023\/06\/ael-africa-express-line-logo.webp\",\"width\":261,\"height\":154,\"caption\":\"Africa Express Line\"},\"image\":{\"@id\":\"https:\/\/www.africaexpressline.com\/#\/schema\/logo\/image\/\"}}]}<\/script>\n<!-- \/ Yoast SEO plugin. -->","yoast_head_json":{"title":"Expertise en atmosph\u00e8re contr\u00f4l\u00e9e exp\u00e9dition de bananes | AEL","description":"AEL est sp\u00e9cialis\u00e9 depuis 2005 dans les op\u00e9rations en atmosph\u00e8re contr\u00f4l\u00e9e, prolongeant la conservation des bananes avec des navires r\u00e9frig\u00e9r\u00e9s et \u00e9quipement CA.","robots":{"index":"index","follow":"follow","max-snippet":"max-snippet:-1","max-image-preview":"max-image-preview:large","max-video-preview":"max-video-preview:-1"},"canonical":"https:\/\/www.africaexpressline.com\/fr\/conteneurs-atmosphere-controlee\/","og_locale":"fr_FR","og_type":"article","og_title":"Expertise en atmosph\u00e8re contr\u00f4l\u00e9e exp\u00e9dition de bananes | AEL","og_description":"AEL est sp\u00e9cialis\u00e9 depuis 2005 dans les op\u00e9rations en atmosph\u00e8re contr\u00f4l\u00e9e, prolongeant la conservation des bananes avec des navires r\u00e9frig\u00e9r\u00e9s et \u00e9quipement CA.","og_url":"https:\/\/www.africaexpressline.com\/fr\/conteneurs-atmosphere-controlee\/","og_site_name":"Africa Express Line","article_modified_time":"2025-02-13T09:47:04+00:00","og_image":[{"width":261,"height":154,"url":"https:\/\/www.africaexpressline.com\/wp-content\/uploads\/2023\/06\/ael-africa-express-line-logo.png","type":"image\/png"}],"twitter_card":"summary_large_image","twitter_misc":{"Dur\u00e9e de lecture estim\u00e9e":"1 minute"},"schema":{"@context":"https:\/\/schema.org","@graph":[{"@type":"WebPage","@id":"https:\/\/www.africaexpressline.com\/fr\/conteneurs-atmosphere-controlee\/","url":"https:\/\/www.africaexpressline.com\/fr\/conteneurs-atmosphere-controlee\/","name":"Expertise en atmosph\u00e8re contr\u00f4l\u00e9e exp\u00e9dition de bananes | AEL","isPartOf":{"@id":"https:\/\/www.africaexpressline.com\/#website"},"datePublished":"2023-03-22T00:06:35+00:00","dateModified":"2025-02-13T09:47:04+00:00","description":"AEL est sp\u00e9cialis\u00e9 depuis 2005 dans les op\u00e9rations en atmosph\u00e8re contr\u00f4l\u00e9e, prolongeant la conservation des bananes avec des navires r\u00e9frig\u00e9r\u00e9s et \u00e9quipement CA.","breadcrumb":{"@id":"https:\/\/www.africaexpressline.com\/fr\/conteneurs-atmosphere-controlee\/#breadcrumb"},"inLanguage":"fr-FR","potentialAction":[{"@type":"ReadAction","target":["https:\/\/www.africaexpressline.com\/fr\/conteneurs-atmosphere-controlee\/"]}]},{"@type":"BreadcrumbList","@id":"https:\/\/www.africaexpressline.com\/fr\/conteneurs-atmosphere-controlee\/#breadcrumb","itemListElement":[{"@type":"ListItem","position":1,"name":"Home","item":"https:\/\/www.africaexpressline.com\/fr\/"},{"@type":"ListItem","position":2,"name":"Conteneurs \u00e0 atmosph\u00e8re contr\u00f4l\u00e9e"}]},{"@type":"WebSite","@id":"https:\/\/www.africaexpressline.com\/#website","url":"https:\/\/www.africaexpressline.com\/","name":"Africa Express Line","description":"AEL is a Compagnie Fruiti\u00e8re Group Company","publisher":{"@id":"https:\/\/www.africaexpressline.com\/#organization"},"potentialAction":[{"@type":"SearchAction","target":{"@type":"EntryPoint","urlTemplate":"https:\/\/www.africaexpressline.com\/?s={search_term_string}"},"query-input":{"@type":"PropertyValueSpecification","valueRequired":true,"valueName":"search_term_string"}}],"inLanguage":"fr-FR"},{"@type":"Organization","@id":"https:\/\/www.africaexpressline.com\/#organization","name":"Africa Express Line","url":"https:\/\/www.africaexpressline.com\/","logo":{"@type":"ImageObject","inLanguage":"fr-FR","@id":"https:\/\/www.africaexpressline.com\/#\/schema\/logo\/image\/","url":"https:\/\/www.africaexpressline.com\/wp-content\/uploads\/2023\/06\/ael-africa-express-line-logo.webp","contentUrl":"https:\/\/www.africaexpressline.com\/wp-content\/uploads\/2023\/06\/ael-africa-express-line-logo.webp","width":261,"height":154,"caption":"Africa Express Line"},"image":{"@id":"https:\/\/www.africaexpressline.com\/#\/schema\/logo\/image\/"}}]}},"_links":{"self":[{"href":"https:\/\/www.africaexpressline.com\/fr\/wp-json\/wp\/v2\/pages\/7294","targetHints":{"allow":["GET"]}}],"collection":[{"href":"https:\/\/www.africaexpressline.com\/fr\/wp-json\/wp\/v2\/pages"}],"about":[{"href":"https:\/\/www.africaexpressline.com\/fr\/wp-json\/wp\/v2\/types\/page"}],"author":[{"embeddable":true,"href":"https:\/\/www.africaexpressline.com\/fr\/wp-json\/wp\/v2\/users\/1"}],"replies":[{"embeddable":true,"href":"https:\/\/www.africaexpressline.com\/fr\/wp-json\/wp\/v2\/comments?post=7294"}],"version-history":[{"count":3,"href":"https:\/\/www.africaexpressline.com\/fr\/wp-json\/wp\/v2\/pages\/7294\/revisions"}],"predecessor-version":[{"id":8050,"href":"https:\/\/www.africaexpressline.com\/fr\/wp-json\/wp\/v2\/pages\/7294\/revisions\/8050"}],"wp:attachment":[{"href":"https:\/\/www.africaexpressline.com\/fr\/wp-json\/wp\/v2\/media?parent=7294"}],"curies":[{"name":"wp","href":"https:\/\/api.w.org\/{rel}","templated":true}]}}