{"id":7291,"date":"2023-03-22T01:04:28","date_gmt":"2023-03-22T00:04:28","guid":{"rendered":"https:\/\/ael2023.massilia.info\/flotte-de-conteneurs\/africa-express-line-container-fleet\/"},"modified":"2025-08-25T11:45:42","modified_gmt":"2025-08-25T09:45:42","slug":"flotte-conteneurs-africa-express-line","status":"publish","type":"page","link":"https:\/\/www.africaexpressline.com\/fr\/flotte-conteneurs-africa-express-line\/","title":{"rendered":"Flotte de conteneurs d&rsquo;Africa Express Line"},"content":{"rendered":"\n<p>Depuis le d\u00e9but de ses op\u00e9rations de conteneurs r\u00e9frig\u00e9r\u00e9s en 2002, la flotte de conteneurs r\u00e9frig\u00e9r\u00e9s d&rsquo;Africa Express Line a \u00e9volu\u00e9 au fil des ans pour r\u00e9pondre aux exigences sp\u00e9cifiques du transport de fruits frais, de l\u00e9gumes et de cargaisons congel\u00e9es afin de s&rsquo;assurer qu&rsquo;ils arrivent en parfait \u00e9tat. Avec l&rsquo;une des flottes les plus avanc\u00e9es sur le plan technique, compos\u00e9e de conteneurs frigorifiques High Cube de 3500 x 40 pieds, dont l&rsquo;\u00e2ge moyen est de 5 ans, l&rsquo;\u00e9quipe d&rsquo;AEL Container est en mesure de fournir un soin et un soutien in\u00e9gal\u00e9s \u00e0 la cargaison pendant le transit maritime.<\/p>\n\n\n\n<p>Nous sommes en mesure de fournir, dans tous les conteneurs frigorifiques transportant des bananes fra\u00eeches, un environnement de gaz \u00e0 atmosph\u00e8re contr\u00f4l\u00e9e \u00e0 action rapide. Cet environnement est ensuite soigneusement contr\u00f4l\u00e9 par des \u00e9quipages sp\u00e9cialis\u00e9s, des supercargoes d&rsquo;Afrique de l&rsquo;Ouest et un syst\u00e8me de gestion \u00e0 distance.<\/p>\n\n\n\n<div class=\"wp-block-divi-layout\">[et_pb_section fb_built=\u00a0\u00bb1&Prime; theme_builder_area=\u00a0\u00bbpost_content\u00a0\u00bb _builder_version=\u00a0\u00bb4.21.0&Prime; _module_preset=\u00a0\u00bbdefault\u00a0\u00bb custom_margin=\u00a0\u00bb20px|0px|0px|0px|false|false\u00a0\u00bb custom_padding=\u00a0\u00bb0px|0px|0px|0px|false|false\u00a0\u00bb hover_enabled=\u00a0\u00bb0&Prime; sticky_enabled=\u00a0\u00bb0&Prime;][et_pb_row _builder_version=\u00a0\u00bb4.21.0&Prime; _module_preset=\u00a0\u00bbdefault\u00a0\u00bb theme_builder_area=\u00a0\u00bbpost_content\u00a0\u00bb width=\u00a0\u00bb100%\u00a0\u00bb][et_pb_column _builder_version=\u00a0\u00bb4.21.0&Prime; _module_preset=\u00a0\u00bbdefault\u00a0\u00bb type=\u00a0\u00bb4_4&Prime; theme_builder_area=\u00a0\u00bbpost_content\u00a0\u00bb][dnxte_coverflowslider_parent dnxte_coverflow_loop=\u00a0\u00bbon\u00a0\u00bb dnxte_coverflow_centered_slides=\u00a0\u00bbon\u00a0\u00bb dnxte_coverflow_auto_height=\u00a0\u00bbon\u00a0\u00bb dnxte_coverflow_equal_height=\u00a0\u00bboff\u00a0\u00bb dnxte_coverflow_grab=\u00a0\u00bbon\u00a0\u00bb dnxte_coverflow_keyboard_enable=\u00a0\u00bboff\u00a0\u00bb dnxte_coverflow_mousewheel_enable=\u00a0\u00bboff\u00a0\u00bb dnxte_coverflow_speed=\u00a0\u00bb674&Prime; dnxte_coverflow_arrows=\u00a0\u00bbon\u00a0\u00bb dnxte_coverflow_pagination_type=\u00a0\u00bbnone\u00a0\u00bb dnxte_coverflow_breakpoint_desktop=\u00a0\u00bb2&Prime; dnxte_coverflow_arrow_color=\u00a0\u00bbrgba(255,255,255,0.7)\u00a0\u00bb dnxte_coverflow_arrow_background_color=\u00a0\u00bbrgba(255,255,255,0)\u00a0\u00bb dnxte_coverflow_arrow_size=\u00a0\u00bb48&Prime; lightbox_showhide=\u00a0\u00bbon\u00a0\u00bb dnxte_coverflow_breakpoint_desktop_tablet=\u00a0\u00bb2&Prime; dnxte_coverflow_breakpoint_desktop_phone=\u00a0\u00bb2&Prime; dnxte_coverflow_breakpoint_desktop_last_edited=\u00a0\u00bbon|phone\u00a0\u00bb admin_label=\u00a0\u00bbNext Divi Carousel\u00a0\u00bb module_class=\u00a0\u00bbslider-filiale\u00a0\u00bb _builder_version=\u00a0\u00bb4.21.0&Prime; _module_preset=\u00a0\u00bbdefault\u00a0\u00bb custom_margin=\u00a0\u00bb||||false|false\u00a0\u00bb custom_padding=\u00a0\u00bb||||false|false\u00a0\u00bb custom_padding_tablet=\u00a0\u00bb||||false|false\u00a0\u00bb custom_padding_phone=\u00a0\u00bb||30px||false|false\u00a0\u00bb custom_padding_last_edited=\u00a0\u00bboff|desktop\u00a0\u00bb border_radii_image_border=\u00a0\u00bbon|15px|15px|15px|15px\u00a0\u00bb global_colors_info=\u00a0\u00bb{}\u00a0\u00bb theme_builder_area=\u00a0\u00bbpost_content\u00a0\u00bb][dnxte_coverflowslider_child coverflowslider_image=\u00a0\u00bbhttps:\/\/www.africaexpressline.com\/wp-content\/uploads\/2023\/06\/africa-express-line-container-fleet-slider-1-500&#215;500.webp\u00a0\u00bb _builder_version=\u00a0\u00bb4.21.0&Prime; _module_preset=\u00a0\u00bbdefault\u00a0\u00bb hover_enabled=\u00a0\u00bb0&Prime; global_colors_info=\u00a0\u00bb{}\u00a0\u00bb theme_builder_area=\u00a0\u00bbpost_content\u00a0\u00bb sticky_enabled=\u00a0\u00bb0&Prime; title_text=\u00a0\u00bbafrica-express-line-container-fleet-slider-1&Prime;][\/dnxte_coverflowslider_child][dnxte_coverflowslider_child coverflowslider_image=\u00a0\u00bbhttps:\/\/www.africaexpressline.com\/wp-content\/uploads\/2023\/06\/africa-express-line-container-fleet-slider-2-500&#215;500.webp\u00a0\u00bb _builder_version=\u00a0\u00bb4.21.0&Prime; _module_preset=\u00a0\u00bbdefault\u00a0\u00bb hover_enabled=\u00a0\u00bb0&Prime; global_colors_info=\u00a0\u00bb{}\u00a0\u00bb theme_builder_area=\u00a0\u00bbpost_content\u00a0\u00bb title_text=\u00a0\u00bbafrica-express-line-container-fleet-slider-2&Prime; sticky_enabled=\u00a0\u00bb0&Prime;][\/dnxte_coverflowslider_child][dnxte_coverflowslider_child coverflowslider_image=\u00a0\u00bbhttps:\/\/www.africaexpressline.com\/wp-content\/uploads\/2023\/06\/africa-express-line-container-fleet-slider-3-500&#215;500.webp\u00a0\u00bb _builder_version=\u00a0\u00bb4.21.0&Prime; _module_preset=\u00a0\u00bbdefault\u00a0\u00bb hover_enabled=\u00a0\u00bb0&Prime; global_colors_info=\u00a0\u00bb{}\u00a0\u00bb theme_builder_area=\u00a0\u00bbpost_content\u00a0\u00bb title_text=\u00a0\u00bbafrica-express-line-container-fleet-slider-3&Prime; sticky_enabled=\u00a0\u00bb0&Prime;][\/dnxte_coverflowslider_child][dnxte_coverflowslider_child coverflowslider_image=\u00a0\u00bbhttps:\/\/www.africaexpressline.com\/wp-content\/uploads\/2023\/06\/africa-express-line-container-fleet-slider-4-500&#215;500.webp\u00a0\u00bb _builder_version=\u00a0\u00bb4.21.0&Prime; _module_preset=\u00a0\u00bbdefault\u00a0\u00bb global_colors_info=\u00a0\u00bb{}\u00a0\u00bb theme_builder_area=\u00a0\u00bbpost_content\u00a0\u00bb title_text=\u00a0\u00bbafrica-express-line-container-fleet-slider-4&Prime;][\/dnxte_coverflowslider_child][\/dnxte_coverflowslider_parent][\/et_pb_column][\/et_pb_row][\/et_pb_section]<\/div>\n\n\n\n<p>Nous jouons \u00e9galement un r\u00f4le dans la r\u00e9duction de notre empreinte carbone dans nos op\u00e9rations de conteneurs frigorifiques en utilisant des mat\u00e9riaux et des produits respectueux de l&rsquo;environnement dans nos conteneurs frigorifiques \u00e0 tout moment avec la conception et la performance.<\/p>\n","protected":false},"excerpt":{"rendered":"<p>Depuis le d\u00e9but de ses op\u00e9rations de conteneurs r\u00e9frig\u00e9r\u00e9s en 2002, la flotte de conteneurs r\u00e9frig\u00e9r\u00e9s d&rsquo;Africa Express Line a \u00e9volu\u00e9 au fil des ans pour r\u00e9pondre aux exigences sp\u00e9cifiques du transport de fruits frais, de l\u00e9gumes et de cargaisons congel\u00e9es afin de s&rsquo;assurer qu&rsquo;ils arrivent en parfait \u00e9tat. Avec l&rsquo;une des flottes les plus [&hellip;]<\/p>\n","protected":false},"author":1,"featured_media":0,"parent":0,"menu_order":0,"comment_status":"closed","ping_status":"closed","template":"","meta":{"_et_pb_use_builder":"off","_et_pb_old_content":"<p>[et_pb_section admin_label=\"section\"]<br>\n\t\t\t[et_pb_row admin_label=\"row\"]<br>\n\t\t\t\t[et_pb_column type=\"4_4\"][et_pb_text admin_label=\"Text\"]<\/p>\n\n<!-- wp:paragraph -->\n<p>Depuis le d\u00e9but de ses op\u00e9rations de conteneurs r\u00e9frig\u00e9r\u00e9s en 2002, la flotte de conteneurs r\u00e9frig\u00e9r\u00e9s d'Africa Express Line a \u00e9volu\u00e9 au fil des ans pour r\u00e9pondre aux exigences sp\u00e9cifiques du transport de fruits frais, de l\u00e9gumes et de cargaisons congel\u00e9es afin de s'assurer qu'ils arrivent en parfait \u00e9tat. Avec l'une des flottes les plus avanc\u00e9es sur le plan technique, compos\u00e9e de conteneurs frigorifiques High Cube de 3 000 x 40 pieds, dont l'\u00e2ge moyen est de 5 ans, l'\u00e9quipe d'AEL Container est en mesure de fournir un soin et un soutien in\u00e9gal\u00e9s \u00e0 la cargaison pendant le transit maritime. Nous sommes en mesure de fournir, dans tous les conteneurs frigorifiques transportant des bananes fra\u00eeches, un environnement de gaz \u00e0 atmosph\u00e8re contr\u00f4l\u00e9e \u00e0 action rapide. Cet environnement est ensuite soigneusement contr\u00f4l\u00e9 par des \u00e9quipages sp\u00e9cialis\u00e9s, des supercargoes d'Afrique de l'Ouest et un syst\u00e8me de gestion \u00e0 distance.<\/p>\n<!-- \/wp:paragraph -->\n\n<!-- wp:paragraph -->\n<p>Nous jouons \u00e9galement un r\u00f4le dans la r\u00e9duction de notre empreinte carbone dans nos op\u00e9rations de conteneurs frigorifiques en utilisant des mat\u00e9riaux et des produits respectueux de l'environnement dans nos conteneurs frigorifiques \u00e0 tout moment avec la conception et la performance.<\/p>\n<!-- \/wp:paragraph -->\n\n<!-- wp:block {\"ref\":6574} \/-->\n\n<p>[\/et_pb_text][\/et_pb_column]<br>\n\t\t\t[\/et_pb_row]<br>\n\t\t[\/et_pb_section]<\/p>","_et_gb_content_width":"","footnotes":""},"class_list":["post-7291","page","type-page","status-publish","hentry"],"yoast_head":"<!-- This site is optimized with the Yoast SEO plugin v27.1.1 - https:\/\/yoast.com\/product\/yoast-seo-wordpress\/ -->\n<title>Flotte avanc\u00e9e de reefers pour l&#039;exp\u00e9dition de produits frais | AEL<\/title>\n<meta name=\"description\" content=\"Africa Express Line garantit l&#039;exp\u00e9dition de produits frais et congel\u00e9s avec 3000 conteneurs r\u00e9frig\u00e9r\u00e9s High Cube et atmosph\u00e8re contr\u00f4l\u00e9e.\" \/>\n<meta name=\"robots\" content=\"index, follow, max-snippet:-1, max-image-preview:large, max-video-preview:-1\" \/>\n<link rel=\"canonical\" href=\"https:\/\/www.africaexpressline.com\/fr\/flotte-conteneurs-africa-express-line\/\" \/>\n<meta property=\"og:locale\" content=\"fr_FR\" \/>\n<meta property=\"og:type\" content=\"article\" \/>\n<meta property=\"og:title\" content=\"Flotte avanc\u00e9e de reefers pour l&#039;exp\u00e9dition de produits frais | AEL\" \/>\n<meta property=\"og:description\" content=\"Africa Express Line garantit l&#039;exp\u00e9dition de produits frais et congel\u00e9s avec 3000 conteneurs r\u00e9frig\u00e9r\u00e9s High Cube et atmosph\u00e8re contr\u00f4l\u00e9e.\" \/>\n<meta property=\"og:url\" content=\"https:\/\/www.africaexpressline.com\/fr\/flotte-conteneurs-africa-express-line\/\" \/>\n<meta property=\"og:site_name\" content=\"Africa Express Line\" \/>\n<meta property=\"article:modified_time\" content=\"2025-08-25T09:45:42+00:00\" \/>\n<meta property=\"og:image\" content=\"https:\/\/www.africaexpressline.com\/wp-content\/uploads\/2023\/06\/ael-africa-express-line-logo.png\" \/>\n\t<meta property=\"og:image:width\" content=\"261\" \/>\n\t<meta property=\"og:image:height\" content=\"154\" \/>\n\t<meta property=\"og:image:type\" content=\"image\/png\" \/>\n<meta name=\"twitter:card\" content=\"summary_large_image\" \/>\n<script type=\"application\/ld+json\" class=\"yoast-schema-graph\">{\"@context\":\"https:\/\/schema.org\",\"@graph\":[{\"@type\":\"WebPage\",\"@id\":\"https:\/\/www.africaexpressline.com\/fr\/flotte-conteneurs-africa-express-line\/\",\"url\":\"https:\/\/www.africaexpressline.com\/fr\/flotte-conteneurs-africa-express-line\/\",\"name\":\"Flotte avanc\u00e9e de reefers pour l'exp\u00e9dition de produits frais | AEL\",\"isPartOf\":{\"@id\":\"https:\/\/www.africaexpressline.com\/#website\"},\"datePublished\":\"2023-03-22T00:04:28+00:00\",\"dateModified\":\"2025-08-25T09:45:42+00:00\",\"description\":\"Africa Express Line garantit l'exp\u00e9dition de produits frais et congel\u00e9s avec 3000 conteneurs r\u00e9frig\u00e9r\u00e9s High Cube et atmosph\u00e8re contr\u00f4l\u00e9e.\",\"breadcrumb\":{\"@id\":\"https:\/\/www.africaexpressline.com\/fr\/flotte-conteneurs-africa-express-line\/#breadcrumb\"},\"inLanguage\":\"fr-FR\",\"potentialAction\":[{\"@type\":\"ReadAction\",\"target\":[\"https:\/\/www.africaexpressline.com\/fr\/flotte-conteneurs-africa-express-line\/\"]}]},{\"@type\":\"BreadcrumbList\",\"@id\":\"https:\/\/www.africaexpressline.com\/fr\/flotte-conteneurs-africa-express-line\/#breadcrumb\",\"itemListElement\":[{\"@type\":\"ListItem\",\"position\":1,\"name\":\"Home\",\"item\":\"https:\/\/www.africaexpressline.com\/fr\/\"},{\"@type\":\"ListItem\",\"position\":2,\"name\":\"Flotte de conteneurs d&#8217;Africa Express Line\"}]},{\"@type\":\"WebSite\",\"@id\":\"https:\/\/www.africaexpressline.com\/#website\",\"url\":\"https:\/\/www.africaexpressline.com\/\",\"name\":\"Africa Express Line\",\"description\":\"AEL is a Compagnie Fruiti\u00e8re Group Company\",\"publisher\":{\"@id\":\"https:\/\/www.africaexpressline.com\/#organization\"},\"potentialAction\":[{\"@type\":\"SearchAction\",\"target\":{\"@type\":\"EntryPoint\",\"urlTemplate\":\"https:\/\/www.africaexpressline.com\/?s={search_term_string}\"},\"query-input\":{\"@type\":\"PropertyValueSpecification\",\"valueRequired\":true,\"valueName\":\"search_term_string\"}}],\"inLanguage\":\"fr-FR\"},{\"@type\":\"Organization\",\"@id\":\"https:\/\/www.africaexpressline.com\/#organization\",\"name\":\"Africa Express Line\",\"url\":\"https:\/\/www.africaexpressline.com\/\",\"logo\":{\"@type\":\"ImageObject\",\"inLanguage\":\"fr-FR\",\"@id\":\"https:\/\/www.africaexpressline.com\/#\/schema\/logo\/image\/\",\"url\":\"https:\/\/www.africaexpressline.com\/wp-content\/uploads\/2023\/06\/ael-africa-express-line-logo.webp\",\"contentUrl\":\"https:\/\/www.africaexpressline.com\/wp-content\/uploads\/2023\/06\/ael-africa-express-line-logo.webp\",\"width\":261,\"height\":154,\"caption\":\"Africa Express Line\"},\"image\":{\"@id\":\"https:\/\/www.africaexpressline.com\/#\/schema\/logo\/image\/\"}}]}<\/script>\n<!-- \/ Yoast SEO plugin. -->","yoast_head_json":{"title":"Flotte avanc\u00e9e de reefers pour l'exp\u00e9dition de produits frais | AEL","description":"Africa Express Line garantit l'exp\u00e9dition de produits frais et congel\u00e9s avec 3000 conteneurs r\u00e9frig\u00e9r\u00e9s High Cube et atmosph\u00e8re contr\u00f4l\u00e9e.","robots":{"index":"index","follow":"follow","max-snippet":"max-snippet:-1","max-image-preview":"max-image-preview:large","max-video-preview":"max-video-preview:-1"},"canonical":"https:\/\/www.africaexpressline.com\/fr\/flotte-conteneurs-africa-express-line\/","og_locale":"fr_FR","og_type":"article","og_title":"Flotte avanc\u00e9e de reefers pour l'exp\u00e9dition de produits frais | AEL","og_description":"Africa Express Line garantit l'exp\u00e9dition de produits frais et congel\u00e9s avec 3000 conteneurs r\u00e9frig\u00e9r\u00e9s High Cube et atmosph\u00e8re contr\u00f4l\u00e9e.","og_url":"https:\/\/www.africaexpressline.com\/fr\/flotte-conteneurs-africa-express-line\/","og_site_name":"Africa Express Line","article_modified_time":"2025-08-25T09:45:42+00:00","og_image":[{"width":261,"height":154,"url":"https:\/\/www.africaexpressline.com\/wp-content\/uploads\/2023\/06\/ael-africa-express-line-logo.png","type":"image\/png"}],"twitter_card":"summary_large_image","schema":{"@context":"https:\/\/schema.org","@graph":[{"@type":"WebPage","@id":"https:\/\/www.africaexpressline.com\/fr\/flotte-conteneurs-africa-express-line\/","url":"https:\/\/www.africaexpressline.com\/fr\/flotte-conteneurs-africa-express-line\/","name":"Flotte avanc\u00e9e de reefers pour l'exp\u00e9dition de produits frais | AEL","isPartOf":{"@id":"https:\/\/www.africaexpressline.com\/#website"},"datePublished":"2023-03-22T00:04:28+00:00","dateModified":"2025-08-25T09:45:42+00:00","description":"Africa Express Line garantit l'exp\u00e9dition de produits frais et congel\u00e9s avec 3000 conteneurs r\u00e9frig\u00e9r\u00e9s High Cube et atmosph\u00e8re contr\u00f4l\u00e9e.","breadcrumb":{"@id":"https:\/\/www.africaexpressline.com\/fr\/flotte-conteneurs-africa-express-line\/#breadcrumb"},"inLanguage":"fr-FR","potentialAction":[{"@type":"ReadAction","target":["https:\/\/www.africaexpressline.com\/fr\/flotte-conteneurs-africa-express-line\/"]}]},{"@type":"BreadcrumbList","@id":"https:\/\/www.africaexpressline.com\/fr\/flotte-conteneurs-africa-express-line\/#breadcrumb","itemListElement":[{"@type":"ListItem","position":1,"name":"Home","item":"https:\/\/www.africaexpressline.com\/fr\/"},{"@type":"ListItem","position":2,"name":"Flotte de conteneurs d&#8217;Africa Express Line"}]},{"@type":"WebSite","@id":"https:\/\/www.africaexpressline.com\/#website","url":"https:\/\/www.africaexpressline.com\/","name":"Africa Express Line","description":"AEL is a Compagnie Fruiti\u00e8re Group Company","publisher":{"@id":"https:\/\/www.africaexpressline.com\/#organization"},"potentialAction":[{"@type":"SearchAction","target":{"@type":"EntryPoint","urlTemplate":"https:\/\/www.africaexpressline.com\/?s={search_term_string}"},"query-input":{"@type":"PropertyValueSpecification","valueRequired":true,"valueName":"search_term_string"}}],"inLanguage":"fr-FR"},{"@type":"Organization","@id":"https:\/\/www.africaexpressline.com\/#organization","name":"Africa Express Line","url":"https:\/\/www.africaexpressline.com\/","logo":{"@type":"ImageObject","inLanguage":"fr-FR","@id":"https:\/\/www.africaexpressline.com\/#\/schema\/logo\/image\/","url":"https:\/\/www.africaexpressline.com\/wp-content\/uploads\/2023\/06\/ael-africa-express-line-logo.webp","contentUrl":"https:\/\/www.africaexpressline.com\/wp-content\/uploads\/2023\/06\/ael-africa-express-line-logo.webp","width":261,"height":154,"caption":"Africa Express Line"},"image":{"@id":"https:\/\/www.africaexpressline.com\/#\/schema\/logo\/image\/"}}]}},"_links":{"self":[{"href":"https:\/\/www.africaexpressline.com\/fr\/wp-json\/wp\/v2\/pages\/7291","targetHints":{"allow":["GET"]}}],"collection":[{"href":"https:\/\/www.africaexpressline.com\/fr\/wp-json\/wp\/v2\/pages"}],"about":[{"href":"https:\/\/www.africaexpressline.com\/fr\/wp-json\/wp\/v2\/types\/page"}],"author":[{"embeddable":true,"href":"https:\/\/www.africaexpressline.com\/fr\/wp-json\/wp\/v2\/users\/1"}],"replies":[{"embeddable":true,"href":"https:\/\/www.africaexpressline.com\/fr\/wp-json\/wp\/v2\/comments?post=7291"}],"version-history":[{"count":12,"href":"https:\/\/www.africaexpressline.com\/fr\/wp-json\/wp\/v2\/pages\/7291\/revisions"}],"predecessor-version":[{"id":8309,"href":"https:\/\/www.africaexpressline.com\/fr\/wp-json\/wp\/v2\/pages\/7291\/revisions\/8309"}],"wp:attachment":[{"href":"https:\/\/www.africaexpressline.com\/fr\/wp-json\/wp\/v2\/media?parent=7291"}],"curies":[{"name":"wp","href":"https:\/\/api.w.org\/{rel}","templated":true}]}}