{"id":5245,"date":"2023-03-22T00:16:12","date_gmt":"2023-03-21T23:16:12","guid":{"rendered":"https:\/\/ael2023.massilia.info\/?page_id=5245"},"modified":"2025-09-01T09:38:42","modified_gmt":"2025-09-01T07:38:42","slug":"actualites","status":"publish","type":"page","link":"https:\/\/www.africaexpressline.com\/fr\/actualites\/","title":{"rendered":"Actualit\u00e9s"},"content":{"rendered":"\n<p>Toujours \u00e0 la recherche d\u2019optimisation de notre activit\u00e9, nous sommes naturellement tourn\u00e9s vers l\u2019innovation pour notre organisation et vers la modernisation de nos \u00e9quipements. Vous trouverez ici tout ce qui bouge au sein d\u2019une soci\u00e9t\u00e9 de transport toujours en mouvement comme la n\u00f4tre.<\/p>\n\n\n\n<div class=\"wp-block-divi-layout\">[et_pb_section fb_built=\u00a0\u00bb1&Prime; _builder_version=\u00a0\u00bb4.21.0&Prime; _module_preset=\u00a0\u00bbdefault\u00a0\u00bb custom_margin=\u00a0\u00bb20px|0px|0px|0px|false|false\u00a0\u00bb custom_padding=\u00a0\u00bb0px|0px|0px|0px|false|false\u00a0\u00bb global_colors_info=\u00a0\u00bb{}\u00a0\u00bb][et_pb_row _builder_version=\u00a0\u00bb4.21.0&Prime; _module_preset=\u00a0\u00bbdefault\u00a0\u00bb width=\u00a0\u00bb100%\u00a0\u00bb custom_margin=\u00a0\u00bb0px|0px|0px|0px|false|false\u00a0\u00bb custom_padding=\u00a0\u00bb0px|0px|0px|0px|false|false\u00a0\u00bb global_colors_info=\u00a0\u00bb{}\u00a0\u00bb][et_pb_column type=\u00a0\u00bb4_4&Prime; _builder_version=\u00a0\u00bb4.21.0&Prime; _module_preset=\u00a0\u00bbdefault\u00a0\u00bb global_colors_info=\u00a0\u00bb{}\u00a0\u00bb][dnxte_blog_slider posts_number=\u00a0\u00bb10&Prime; show_author=\u00a0\u00bboff\u00a0\u00bb date_position=\u00a0\u00bbnone\u00a0\u00bb excerpt_length=\u00a0\u00bb30&Prime; dnxte_blogslider_auto_height=\u00a0\u00bbon\u00a0\u00bb dnxte_blogslider_centered_slides=\u00a0\u00bbon\u00a0\u00bb dnxte_blogslider_breakpoint_desktop=\u00a0\u00bb2&Prime; dnxte_blogslider_loop=\u00a0\u00bbon\u00a0\u00bb dnxte_blogslider_pause_on_hover=\u00a0\u00bbon\u00a0\u00bb dnxte_blogslider_pagination_type=\u00a0\u00bbnone\u00a0\u00bb dnxte_blogslider_image_height=\u00a0\u00bb220px\u00a0\u00bb dnxte_blogslide_arrow_color=\u00a0\u00bb#ffffff\u00a0\u00bb dnxte_blogslide_arrow_bg_color=\u00a0\u00bbrgba(255,255,255,0)\u00a0\u00bb dnxte_blogslider_arrow_margin=\u00a0\u00bb||||false|false\u00a0\u00bb dnxte_blogslider_arrow_padding=\u00a0\u00bb||||false|false\u00a0\u00bb image_overlay_bg_color=\u00a0\u00bbrgba(255,255,255,0)\u00a0\u00bb disabled_on=\u00a0\u00bboff|off|off\u00a0\u00bb _builder_version=\u00a0\u00bb4.27.4&Prime; _module_preset=\u00a0\u00bbdefault\u00a0\u00bb header_level=\u00a0\u00bbh4&Prime; header_font=\u00a0\u00bb||||||||\u00a0\u00bb header_text_color=\u00a0\u00bb#0c3766&Prime; header_font_size=\u00a0\u00bb14px\u00a0\u00bb header_line_height=\u00a0\u00bb1.7em\u00a0\u00bb body_content_text_color=\u00a0\u00bb#0c3766&Prime; width=\u00a0\u00bb100%\u00a0\u00bb max_width=\u00a0\u00bb100%\u00a0\u00bb hover_enabled=\u00a0\u00bb0&Prime; border_radii_image=\u00a0\u00bbon|15px|15px|15px|15px\u00a0\u00bb border_color_all_arrow=\u00a0\u00bb#FFFFFF\u00a0\u00bb global_colors_info=\u00a0\u00bb{}\u00a0\u00bb dnxte_blogslider_mousewheel_enable=\u00a0\u00bboff\u00a0\u00bb sticky_enabled=\u00a0\u00bb0&Prime;][\/dnxte_blog_slider][\/et_pb_column][\/et_pb_row][\/et_pb_section]<\/div>\n\n\n<a target=\"\" class=\"cf-content-btn\" href=\"\/fr\/toutes-les-actus\/\">Voir tous les articles<\/a>\n","protected":false},"excerpt":{"rendered":"<p>Toujours \u00e0 la recherche d\u2019optimisation de notre activit\u00e9, nous sommes naturellement tourn\u00e9s vers l\u2019innovation pour notre organisation et vers la modernisation de nos \u00e9quipements. Vous trouverez ici tout ce qui bouge au sein d\u2019une soci\u00e9t\u00e9 de transport toujours en mouvement comme la n\u00f4tre.<\/p>\n","protected":false},"author":1,"featured_media":0,"parent":0,"menu_order":0,"comment_status":"closed","ping_status":"closed","template":"","meta":{"_et_pb_use_builder":"off","_et_pb_old_content":"","_et_gb_content_width":"","footnotes":""},"class_list":["post-5245","page","type-page","status-publish","hentry"],"yoast_head":"<!-- This site is optimized with the Yoast SEO plugin v27.1.1 - https:\/\/yoast.com\/product\/yoast-seo-wordpress\/ -->\n<title>Derni\u00e8res nouvelles sur l&#039;innovation et l&#039;optimisation | AEL<\/title>\n<meta name=\"description\" content=\"Restez inform\u00e9 des actualit\u00e9s d&#039;AEL sur l&#039;innovation, la modernisation des \u00e9quipements et l&#039;optimisation des op\u00e9rations dans le secteur du transport.\" \/>\n<meta name=\"robots\" content=\"index, follow, max-snippet:-1, max-image-preview:large, max-video-preview:-1\" \/>\n<link rel=\"canonical\" href=\"https:\/\/www.africaexpressline.com\/fr\/actualites\/\" \/>\n<meta property=\"og:locale\" content=\"fr_FR\" \/>\n<meta property=\"og:type\" content=\"article\" \/>\n<meta property=\"og:title\" content=\"Derni\u00e8res nouvelles sur l&#039;innovation et l&#039;optimisation | AEL\" \/>\n<meta property=\"og:description\" content=\"Restez inform\u00e9 des actualit\u00e9s d&#039;AEL sur l&#039;innovation, la modernisation des \u00e9quipements et l&#039;optimisation des op\u00e9rations dans le secteur du transport.\" \/>\n<meta property=\"og:url\" content=\"https:\/\/www.africaexpressline.com\/fr\/actualites\/\" \/>\n<meta property=\"og:site_name\" content=\"Africa Express Line\" \/>\n<meta property=\"article:modified_time\" content=\"2025-09-01T07:38:42+00:00\" \/>\n<meta property=\"og:image\" content=\"https:\/\/www.africaexpressline.com\/wp-content\/uploads\/2023\/06\/ael-africa-express-line-logo.png\" \/>\n\t<meta property=\"og:image:width\" content=\"261\" \/>\n\t<meta property=\"og:image:height\" content=\"154\" \/>\n\t<meta property=\"og:image:type\" content=\"image\/png\" \/>\n<meta name=\"twitter:card\" content=\"summary_large_image\" \/>\n<meta name=\"twitter:label1\" content=\"Dur\u00e9e de lecture estim\u00e9e\" \/>\n\t<meta name=\"twitter:data1\" content=\"1 minute\" \/>\n<script type=\"application\/ld+json\" class=\"yoast-schema-graph\">{\"@context\":\"https:\/\/schema.org\",\"@graph\":[{\"@type\":\"WebPage\",\"@id\":\"https:\/\/www.africaexpressline.com\/fr\/actualites\/\",\"url\":\"https:\/\/www.africaexpressline.com\/fr\/actualites\/\",\"name\":\"Derni\u00e8res nouvelles sur l'innovation et l'optimisation | AEL\",\"isPartOf\":{\"@id\":\"https:\/\/www.africaexpressline.com\/#website\"},\"datePublished\":\"2023-03-21T23:16:12+00:00\",\"dateModified\":\"2025-09-01T07:38:42+00:00\",\"description\":\"Restez inform\u00e9 des actualit\u00e9s d'AEL sur l'innovation, la modernisation des \u00e9quipements et l'optimisation des op\u00e9rations dans le secteur du transport.\",\"breadcrumb\":{\"@id\":\"https:\/\/www.africaexpressline.com\/fr\/actualites\/#breadcrumb\"},\"inLanguage\":\"fr-FR\",\"potentialAction\":[{\"@type\":\"ReadAction\",\"target\":[\"https:\/\/www.africaexpressline.com\/fr\/actualites\/\"]}]},{\"@type\":\"BreadcrumbList\",\"@id\":\"https:\/\/www.africaexpressline.com\/fr\/actualites\/#breadcrumb\",\"itemListElement\":[{\"@type\":\"ListItem\",\"position\":1,\"name\":\"Home\",\"item\":\"https:\/\/www.africaexpressline.com\/fr\/\"},{\"@type\":\"ListItem\",\"position\":2,\"name\":\"Actualit\u00e9s\"}]},{\"@type\":\"WebSite\",\"@id\":\"https:\/\/www.africaexpressline.com\/#website\",\"url\":\"https:\/\/www.africaexpressline.com\/\",\"name\":\"Africa Express Line\",\"description\":\"AEL is a Compagnie Fruiti\u00e8re Group Company\",\"publisher\":{\"@id\":\"https:\/\/www.africaexpressline.com\/#organization\"},\"potentialAction\":[{\"@type\":\"SearchAction\",\"target\":{\"@type\":\"EntryPoint\",\"urlTemplate\":\"https:\/\/www.africaexpressline.com\/?s={search_term_string}\"},\"query-input\":{\"@type\":\"PropertyValueSpecification\",\"valueRequired\":true,\"valueName\":\"search_term_string\"}}],\"inLanguage\":\"fr-FR\"},{\"@type\":\"Organization\",\"@id\":\"https:\/\/www.africaexpressline.com\/#organization\",\"name\":\"Africa Express Line\",\"url\":\"https:\/\/www.africaexpressline.com\/\",\"logo\":{\"@type\":\"ImageObject\",\"inLanguage\":\"fr-FR\",\"@id\":\"https:\/\/www.africaexpressline.com\/#\/schema\/logo\/image\/\",\"url\":\"https:\/\/www.africaexpressline.com\/wp-content\/uploads\/2023\/06\/ael-africa-express-line-logo.webp\",\"contentUrl\":\"https:\/\/www.africaexpressline.com\/wp-content\/uploads\/2023\/06\/ael-africa-express-line-logo.webp\",\"width\":261,\"height\":154,\"caption\":\"Africa Express Line\"},\"image\":{\"@id\":\"https:\/\/www.africaexpressline.com\/#\/schema\/logo\/image\/\"}}]}<\/script>\n<!-- \/ Yoast SEO plugin. -->","yoast_head_json":{"title":"Derni\u00e8res nouvelles sur l'innovation et l'optimisation | AEL","description":"Restez inform\u00e9 des actualit\u00e9s d'AEL sur l'innovation, la modernisation des \u00e9quipements et l'optimisation des op\u00e9rations dans le secteur du transport.","robots":{"index":"index","follow":"follow","max-snippet":"max-snippet:-1","max-image-preview":"max-image-preview:large","max-video-preview":"max-video-preview:-1"},"canonical":"https:\/\/www.africaexpressline.com\/fr\/actualites\/","og_locale":"fr_FR","og_type":"article","og_title":"Derni\u00e8res nouvelles sur l'innovation et l'optimisation | AEL","og_description":"Restez inform\u00e9 des actualit\u00e9s d'AEL sur l'innovation, la modernisation des \u00e9quipements et l'optimisation des op\u00e9rations dans le secteur du transport.","og_url":"https:\/\/www.africaexpressline.com\/fr\/actualites\/","og_site_name":"Africa Express Line","article_modified_time":"2025-09-01T07:38:42+00:00","og_image":[{"width":261,"height":154,"url":"https:\/\/www.africaexpressline.com\/wp-content\/uploads\/2023\/06\/ael-africa-express-line-logo.png","type":"image\/png"}],"twitter_card":"summary_large_image","twitter_misc":{"Dur\u00e9e de lecture estim\u00e9e":"1 minute"},"schema":{"@context":"https:\/\/schema.org","@graph":[{"@type":"WebPage","@id":"https:\/\/www.africaexpressline.com\/fr\/actualites\/","url":"https:\/\/www.africaexpressline.com\/fr\/actualites\/","name":"Derni\u00e8res nouvelles sur l'innovation et l'optimisation | AEL","isPartOf":{"@id":"https:\/\/www.africaexpressline.com\/#website"},"datePublished":"2023-03-21T23:16:12+00:00","dateModified":"2025-09-01T07:38:42+00:00","description":"Restez inform\u00e9 des actualit\u00e9s d'AEL sur l'innovation, la modernisation des \u00e9quipements et l'optimisation des op\u00e9rations dans le secteur du transport.","breadcrumb":{"@id":"https:\/\/www.africaexpressline.com\/fr\/actualites\/#breadcrumb"},"inLanguage":"fr-FR","potentialAction":[{"@type":"ReadAction","target":["https:\/\/www.africaexpressline.com\/fr\/actualites\/"]}]},{"@type":"BreadcrumbList","@id":"https:\/\/www.africaexpressline.com\/fr\/actualites\/#breadcrumb","itemListElement":[{"@type":"ListItem","position":1,"name":"Home","item":"https:\/\/www.africaexpressline.com\/fr\/"},{"@type":"ListItem","position":2,"name":"Actualit\u00e9s"}]},{"@type":"WebSite","@id":"https:\/\/www.africaexpressline.com\/#website","url":"https:\/\/www.africaexpressline.com\/","name":"Africa Express Line","description":"AEL is a Compagnie Fruiti\u00e8re Group Company","publisher":{"@id":"https:\/\/www.africaexpressline.com\/#organization"},"potentialAction":[{"@type":"SearchAction","target":{"@type":"EntryPoint","urlTemplate":"https:\/\/www.africaexpressline.com\/?s={search_term_string}"},"query-input":{"@type":"PropertyValueSpecification","valueRequired":true,"valueName":"search_term_string"}}],"inLanguage":"fr-FR"},{"@type":"Organization","@id":"https:\/\/www.africaexpressline.com\/#organization","name":"Africa Express Line","url":"https:\/\/www.africaexpressline.com\/","logo":{"@type":"ImageObject","inLanguage":"fr-FR","@id":"https:\/\/www.africaexpressline.com\/#\/schema\/logo\/image\/","url":"https:\/\/www.africaexpressline.com\/wp-content\/uploads\/2023\/06\/ael-africa-express-line-logo.webp","contentUrl":"https:\/\/www.africaexpressline.com\/wp-content\/uploads\/2023\/06\/ael-africa-express-line-logo.webp","width":261,"height":154,"caption":"Africa Express Line"},"image":{"@id":"https:\/\/www.africaexpressline.com\/#\/schema\/logo\/image\/"}}]}},"_links":{"self":[{"href":"https:\/\/www.africaexpressline.com\/fr\/wp-json\/wp\/v2\/pages\/5245","targetHints":{"allow":["GET"]}}],"collection":[{"href":"https:\/\/www.africaexpressline.com\/fr\/wp-json\/wp\/v2\/pages"}],"about":[{"href":"https:\/\/www.africaexpressline.com\/fr\/wp-json\/wp\/v2\/types\/page"}],"author":[{"embeddable":true,"href":"https:\/\/www.africaexpressline.com\/fr\/wp-json\/wp\/v2\/users\/1"}],"replies":[{"embeddable":true,"href":"https:\/\/www.africaexpressline.com\/fr\/wp-json\/wp\/v2\/comments?post=5245"}],"version-history":[{"count":34,"href":"https:\/\/www.africaexpressline.com\/fr\/wp-json\/wp\/v2\/pages\/5245\/revisions"}],"predecessor-version":[{"id":8315,"href":"https:\/\/www.africaexpressline.com\/fr\/wp-json\/wp\/v2\/pages\/5245\/revisions\/8315"}],"wp:attachment":[{"href":"https:\/\/www.africaexpressline.com\/fr\/wp-json\/wp\/v2\/media?parent=5245"}],"curies":[{"name":"wp","href":"https:\/\/api.w.org\/{rel}","templated":true}]}}