{"id":5218,"date":"2023-03-21T23:35:58","date_gmt":"2023-03-21T22:35:58","guid":{"rendered":"https:\/\/ael2023.massilia.info\/?page_id=5218"},"modified":"2025-02-13T10:44:57","modified_gmt":"2025-02-13T09:44:57","slug":"lignes-et-horaires","status":"publish","type":"page","link":"https:\/\/www.africaexpressline.com\/fr\/lignes-et-horaires\/","title":{"rendered":"Lignes et horaires"},"content":{"rendered":"\t\t<style>\n\t\t.ael-liners-schedule {\n\t\t\tdisplay: flex;\n\t\t\tflex-direction: row;\n\t\t\tflex-wrap: wrap;\n\t\t\tjustify-content: flex-start;\n\t\t\talign-content: center;\n\t\t\talign-items: flex-start;\n\t\t}\n\t\t@media (max-width: 980px) {\n\t\t\t.ael-liners-schedule {\n\t\t\t\tmargin:20px;\n\t\t\t}\n\t\t}\n\t\t.route {\n\t\t\tposition:relative;\n\t\t\tdisplay:inline-block;\n\t\t\tcursor:pointer;\n\t\t\twidth:30%;\n\t\t\tmargin-right: 10px;\n\t\t}\n\t\t@media (max-width: 980px) {\n\t\t .route {\n\t\t\t width:30%;\n\t\t\t }\n\t\t}\n\t\t.route .button{\n\t\t\twidth:100%;\n\t\t\ttext-align:center;\n\t\t\tpadding: 5px 15px;\n\t\t\tborder-radius: 20px;\n\t\t\ttext-transform: uppercase;\n\t\t\tmargin: 0;\n\t\t\tdisplay: inline-block;\n\t\t}\n\t\t.button{\n\t\t\tfont-size:14px;\n\t\t\tborder:none;\n\t\t\tdisplay:inline-block;\n\t\t\tpadding:8px 16px;\n\t\t\tvertical-align:middle;\n\t\t\toverflow:hidden;\n\t\t\ttext-decoration:none;\n\t\t\tcolor:inherit;\n\t\t\tbackground-color:inherit;\n\t\t\tcursor:pointer;\n\t\t\twhite-space:nowrap;\n\t\t}\n\t\t.ael-button {\n\t\t\tbackground-color:transparent!important;\n\t\t\tborder:1px solid #0C3766!important;\n\t\t}\n\t\t.route:hover .ael-button {\n\t\t\tcolor:#fff!important;\n\t\t\tbackground-color:#0C3766!important;\n\t\t\tborder:1px solid #0C3766!important;\n\t\t\tposition: relative;\n\t\t\tz-index: 10;\n\t\t}\n\t\t.line-option-active {\n\t\t\tcolor:#fff!important;\n\t\t\tbackground-color:#0C3766!important;\n\t\t\tborder:1px solid #0C3766!important;\n\t\t}\n\t\t.dropdown-content{\n\t\t\tcursor:auto;\n\t\t\tcolor:#000;\n\t\t\tbackground-color:#fff;\n\t\t\tdisplay:none;\n\t\t\tposition:absolute;\n\t\t\tmin-width:100%;\n\t\t\tmargin:-1px 0 0 0;\n\t\t\tpadding:0;\n\t\t\tz-index:5;\n\t\t}\n\t\t@media (max-width: 980px) {\n\t\t\t.dropdown-content {\n\t\t\t\tborder-top:1px solid #0C3766!important;\n\t\t\t\tmin-width: 30px;\n\t\t\t\twidth:30%;\n\t\t\t}\n\t\t}\n\t\t.dropdown-content a{\n\t\t\tcolor:#000;\n\t\t}\n\t\t.route:hover .dropdown-content {\n\t\t\tdisplay:block;\n\t\t\twidth:30%;\n\t\t\tmargin-top: -15px;\n\t\t}\n\t\t.border-bottom {\n\t\t\tborder-bottom:1px solid #0C3766!important;\n\t\t}\n\t\t.bar-block .bar-item {\n\t\t\tborder-right:1px solid #0C3766!important;\n\t\t\tborder-left:1px solid #0C3766!important;\n\t\t\twidth:100%;\n\t\t\tdisplay:block;\n\t\t\tpadding:0 8px;\n\t\t\tborder:none;\n\t\t\twhite-space:normal;\n\t\t\tfont-size:14px;\n\t\t\tline-height: 1.7em;\n\t\t\tfont-weight: 400;\n\t\t\tmargin: 0;\n\t\t}\n\t\t.bar-block .bar-item:first-of-type {\n\t\t\tpadding-top: 20px;\n\t\t}\n\t\t.bar-block .bar-item:hover {\n\t\t\tbackground-color:#f3f7fb!important\n\t\t}\n\t\t.reset-lines-filter {\n\t\t\tfont-size: 12px!important;\n\t\t\tfont-style: italic;\n\t\t}\n\t\t.reset-lines-filter:hover {\n\t\t\tcolor:#0C3766!important;\n\t\t}\n\t\t.title-vessel {\n\t\t\tdisplay:block;\n\t\t\twidth:100%;\n\t\t\tfont-size:16px;\n\t\t\tfont-weight:700;\n\t\t\tcolor:#666666!important;\n\t\t}\n\t\t.title-vessel span {\n\t\t\tpadding-left:40px;\n\t\t\tcolor:#666666!important;\n\t\t\tfont-size:16px;\n\t\t}\n\t\t.schedules-separator {\n\t\t\theight:30px;\n\t\t\tdisplay: block;\n\t\t\twidth: 100%;\n\t\t}\n\t\t.table-schedules-head {\n\t\t\tdisplay:block;\n\t\t\twidth:100%;\n\t\t}\n\t\t.table-schedules-body {\n\t\t\tdisplay:block;\n\t\t\twidth:100%;\n\t\t\tbackground-color:#f3f7fb!important;\n\t\t}\n\t\t.schedule-row-1 {\n\t\t\tdisplay:inline-block;\n\t\t\twidth:45%;padding:4px;\n\t\t\tfont-size:14px;\n\t\t\tvertical-align: middle;\n\t\t}\n\t\t.schedule-row-2 {\n\t\t\tdisplay:inline-block;\n\t\t\twidth:25%;padding:4px;\n\t\t\tfont-size:14px;\n\t\t\ttext-align:center;\n\t\t\tvertical-align: middle;\n\t\t}\n\t\t.schedule-row-3 {\n\t\t\tdisplay:inline-block;\n\t\t\twidth:5%;\n\t\t\tpadding:4px;\n\t\t\tfont-size:14px;\n\t\t\ttext-align:center;\n\t\t\tvertical-align: middle;\n\t\t}\n\t\t.schedule-row-4 {\n\t\t\tdisplay:inline-block;\n\t\t\twidth:25%;\n\t\t\tpadding:4px;\n\t\t\tfont-size:14px;\n\t\t\ttext-align:center;\n\t\t\tvertical-align: middle;\n\t\t}\n\t\t.table-schedules-head .schedule-row-2 {\n\t\t\tcolor:#0C3766!important;\n\t\t\ttext-transform:uppercase;\n\t\t\tfont-weight:bold;\n\t\t}\n\t\t.table-schedules-head .schedule-row-4 {\n\t\t\tcolor:#0C3766!important;\n\t\t\ttext-transform:uppercase;\n\t\t\tfont-weight:bold;\n\t\t}\n\n\t\t.table-schedules-body .schedule-row-1 {\n\t\t\tcolor:#0C3766!important;\n\t\t\tfont-weight:bold;\n\t\t}\n\t\t.table-schedules-body .schedule-row-3 {\n\t\t\tcolor:#0C3766!important;\n\t\t\tfont-weight:bold;\n\t\t}\n\t\t\/*.schedules-blank {\n\t\t\tmin-height: 400px;\n\t\t}*\/\n\t\t.schedules-vessel-info {\n\t\t\tfont-size:14px;\n\t\t}\n\t\t.schedules-vessel-info strong {\n\t\t\tcolor:#0C3766!important;\n\t\t}\n\t\t.schedules-vessel-info ul {\n\t\t\tlist-style: none;\n\t\t\tpadding-left: 0px!important;\n\t\t}\n\t\t.schedules-vessel-info li::before {\n\t\t\tdisplay: inline-block;\n\t\t\tcontent: '';\n\t\t\t-webkit-border-radius: 0.25rem;\n\t\t\tborder-radius: 0.25rem;\n\t\t\theight: 0.50rem;\n\t\t\twidth: 0.50rem;\n\t\t\tbackground-color: #0C3766;\n\t\t\tmargin-right:0.5em;\n\t\t\tcolor: #0C3766;\n\t\t}\n\t\t.schedules-vessel-photo {\n\t\t\tpadding-right:20px;\n\t\t\tmargin-bottom: 20px;\n\t\t}\n\t\t.schedules-port-info {\n\t\t\tborder: 1px solid #0C3766;\n\t\t\twidth: 100%;\n\t\t\tborder-radius: 10px;\n\t\t\tpadding: 20px;\n\t\t}\n\t\t.schedules-port-info strong {\n\t\t\tcolor:#0C3766!important;\n\t\t}\n\t\t.schedules-port-info ul {\n\t\t\tlist-style: none;\n\t\t\tpadding-left: 0px!important;\n\t\t}\n\t\t.schedules-port-info li::before {\n\t\t\tdisplay: inline-block;\n\t\t\tcontent: '' !important;\n\t\t\t-webkit-border-radius: 0.25rem;\n\t\t\tborder-radius: 0.25rem;\n\t\t\theight: 0.50rem;\n\t\t\twidth: 0.50rem;\n\t\t\tbackground-color: #0C3766;\n\t\t\tmargin-right:0.5em;\n\t\t\tcolor: #0C3766;\n\t\t}\n\t\th2.port-contact, h2.vessel-info {\n\t\t\tfont-size: 18px;\n\t\t}\n\t\t<\/style>\n\t\t<div class=\"ael-liners-schedule\" id=\"ael-liners-search\"><div class=\"schedules-disclaimer\"><p data-start=\"40\" data-end=\"435\">Pour soutenir les activit\u00e9s d'importation et d'exportation de nos clients internationaux, nous op\u00e9rons des services r\u00e9guliers hebdomadaires reliant neuf terminaux portuaires en Afrique de l\u2019Ouest et en Europe. Transportant toutes sortes de marchandises, nos navires empruntent deux principales routes : l'une dans l'Atlantique Nord et l'autre entre les rives sud et nord du bassin m\u00e9diterran\u00e9en.<\/p><br \/>\r\n<p data-start=\"437\" data-end=\"618\" data-is-last-node=\"\" data-is-only-node=\"\">La fr\u00e9quence de nos rotations nous permet d\u2019optimiser en permanence le remplissage de nos navires et leurs itin\u00e9raires, afin de contribuer \u00e0 la r\u00e9duction de notre empreinte carbone.<\/p><\/div><div class=\"schedules-separator\"><\/div><div class=\"route\">  <button class=\"button ael-button\">Routes<\/button>  <div class=\"dropdown-content bar-block border-bottom border-top\"><a href=\"\/fr\/wp-json\/wp\/v2\/pages\/5218\/?route=NN CAM_North\" class=\"bar-item\">Atlantique<\/a><a href=\"\/fr\/wp-json\/wp\/v2\/pages\/5218\/?route=SS CAM_Med\" class=\"bar-item\">M\u00e9diterran\u00e9e<\/a>  <\/div><\/div><div class=\"route\">  <button class=\"button ael-button\">Ports<\/button>  <div class=\"dropdown-content bar-block border-bottom border-top\"><a href=\"\/fr\/wp-json\/wp\/v2\/pages\/5218\/?ports=Portsmouth\" class=\"bar-item\">Portsmouth<\/a><a href=\"\/fr\/wp-json\/wp\/v2\/pages\/5218\/?ports=Antwerp\" class=\"bar-item\">Antwerp<\/a><a href=\"\/fr\/wp-json\/wp\/v2\/pages\/5218\/?ports=Agadir\" class=\"bar-item\">Agadir<\/a><a href=\"\/fr\/wp-json\/wp\/v2\/pages\/5218\/?ports=Dakar\" class=\"bar-item\">Dakar<\/a><a href=\"\/fr\/wp-json\/wp\/v2\/pages\/5218\/?ports=Port Vendres\" class=\"bar-item\">Port Vendres<\/a><a href=\"\/fr\/wp-json\/wp\/v2\/pages\/5218\/?ports=Gibraltar\" class=\"bar-item\">Gibraltar<\/a><a href=\"\/fr\/wp-json\/wp\/v2\/pages\/5218\/?ports=Tema\" class=\"bar-item\">Tema<\/a><a href=\"\/fr\/wp-json\/wp\/v2\/pages\/5218\/?ports=Abidjan\" class=\"bar-item\">Abidjan<\/a><a href=\"\/fr\/wp-json\/wp\/v2\/pages\/5218\/?ports=Douala\" class=\"bar-item\">Douala<\/a>  <\/div><\/div><div class=\"route\">  <button class=\"button ael-button\">Navires<\/button>  <div class=\"dropdown-content bar-block border-bottom border-top\"><a href=\"\/fr\/wp-json\/wp\/v2\/pages\/5218\/?vessel=2526-179SS\" class=\"bar-item\">CAMEROUN EXPRESS<\/a><a href=\"\/fr\/wp-json\/wp\/v2\/pages\/5218\/?vessel=2525-047NN\" class=\"bar-item\">Caribbean Star<\/a><a href=\"\/fr\/wp-json\/wp\/v2\/pages\/5218\/?vessel=2526-059NN\" class=\"bar-item\">Colombian Star<\/a><a href=\"\/fr\/wp-json\/wp\/v2\/pages\/5218\/?vessel=2524-052NN\" class=\"bar-item\">Costa Rican Star<\/a><a href=\"\/fr\/wp-json\/wp\/v2\/pages\/5218\/?vessel=2529-052NN\" class=\"bar-item\">Costa Rican Star<\/a><a href=\"\/fr\/wp-json\/wp\/v2\/pages\/5218\/?vessel=2524-180SS\" class=\"bar-item\">COTE D IVOIRE EXPRESS<\/a><a href=\"\/fr\/wp-json\/wp\/v2\/pages\/5218\/?vessel=2528-180SS\" class=\"bar-item\">COTE D IVOIRE EXPRESS<\/a><a href=\"\/fr\/wp-json\/wp\/v2\/pages\/5218\/?vessel=2527-058NN\" class=\"bar-item\">Cote d'Ivoirian Star<\/a><a href=\"\/fr\/wp-json\/wp\/v2\/pages\/5218\/?vessel=2527-181SS\" class=\"bar-item\">GHANA EXPRESS<\/a><a href=\"\/fr\/wp-json\/wp\/v2\/pages\/5218\/?vessel=2528-136NN\" class=\"bar-item\">Star First<\/a><a href=\"\/fr\/wp-json\/wp\/v2\/pages\/5218\/?vessel=2525-174SS\" class=\"bar-item\">Star Prima<\/a>  <\/div><\/div><div class=\"schedules-separator\"><\/div><div class=\"schedules-blank\"><\/div>\n\n\n\n<div class=\"wp-block-divi-layout\">[et_pb_section fb_built=\u00a0\u00bb1&Prime; admin_label=\u00a0\u00bbsection\u00a0\u00bb _builder_version=\u00a0\u00bb4.21.0&Prime; width=\u00a0\u00bb100%\u00a0\u00bb max_width=\u00a0\u00bb100%\u00a0\u00bb custom_margin=\u00a0\u00bb20px|0px|0px|0px|false|false\u00a0\u00bb custom_padding=\u00a0\u00bb0px|0px|0px|0px|false|false\u00a0\u00bb global_colors_info=\u00a0\u00bb{}\u00a0\u00bb theme_builder_area=\u00a0\u00bbpost_content\u00a0\u00bb][et_pb_row admin_label=\u00a0\u00bbrow\u00a0\u00bb _builder_version=\u00a0\u00bb4.21.0&Prime; background_size=\u00a0\u00bbinitial\u00a0\u00bb background_position=\u00a0\u00bbtop_left\u00a0\u00bb background_repeat=\u00a0\u00bbrepeat\u00a0\u00bb width=\u00a0\u00bb100%\u00a0\u00bb custom_margin=\u00a0\u00bb0px|0px|0px|0px|false|false\u00a0\u00bb custom_padding=\u00a0\u00bb0px|0px|0px|0px|false|false\u00a0\u00bb global_colors_info=\u00a0\u00bb{}\u00a0\u00bb theme_builder_area=\u00a0\u00bbpost_content\u00a0\u00bb][et_pb_column type=\u00a0\u00bb4_4&Prime; _builder_version=\u00a0\u00bb4.21.0&Prime; _module_preset=\u00a0\u00bbdefault\u00a0\u00bb global_colors_info=\u00a0\u00bb{}\u00a0\u00bb theme_builder_area=\u00a0\u00bbpost_content\u00a0\u00bb][dnxte_coverflowslider_parent dnxte_coverflow_loop=\u00a0\u00bbon\u00a0\u00bb dnxte_coverflow_centered_slides=\u00a0\u00bbon\u00a0\u00bb dnxte_coverflow_auto_height=\u00a0\u00bbon\u00a0\u00bb dnxte_coverflow_equal_height=\u00a0\u00bboff\u00a0\u00bb dnxte_coverflow_grab=\u00a0\u00bbon\u00a0\u00bb dnxte_coverflow_keyboard_enable=\u00a0\u00bboff\u00a0\u00bb dnxte_coverflow_mousewheel_enable=\u00a0\u00bboff\u00a0\u00bb dnxte_coverflow_speed=\u00a0\u00bb674&Prime; dnxte_coverflow_arrows=\u00a0\u00bbon\u00a0\u00bb dnxte_coverflow_pagination_type=\u00a0\u00bbnone\u00a0\u00bb dnxte_coverflow_breakpoint_desktop=\u00a0\u00bb2&Prime; dnxte_coverflow_arrow_color=\u00a0\u00bbrgba(255,255,255,0.7)\u00a0\u00bb dnxte_coverflow_arrow_background_color=\u00a0\u00bbrgba(255,255,255,0)\u00a0\u00bb dnxte_coverflow_arrow_size=\u00a0\u00bb48&Prime; lightbox_showhide=\u00a0\u00bbon\u00a0\u00bb dnxte_coverflow_breakpoint_desktop_tablet=\u00a0\u00bb2&Prime; dnxte_coverflow_breakpoint_desktop_phone=\u00a0\u00bb2&Prime; dnxte_coverflow_breakpoint_desktop_last_edited=\u00a0\u00bbon|phone\u00a0\u00bb admin_label=\u00a0\u00bbNext Divi Carousel\u00a0\u00bb _builder_version=\u00a0\u00bb4.20.4&Prime; _module_preset=\u00a0\u00bbdefault\u00a0\u00bb custom_padding=\u00a0\u00bb||||false|false\u00a0\u00bb custom_padding_tablet=\u00a0\u00bb||||false|false\u00a0\u00bb custom_padding_phone=\u00a0\u00bb||30px||false|false\u00a0\u00bb custom_padding_last_edited=\u00a0\u00bbon|phone\u00a0\u00bb border_radii_image_border=\u00a0\u00bbon|15px|15px|15px|15px\u00a0\u00bb global_colors_info=\u00a0\u00bb{}\u00a0\u00bb theme_builder_area=\u00a0\u00bbpost_content\u00a0\u00bb][dnxte_coverflowslider_child coverflowslider_image=\u00a0\u00bbhttps:\/\/www.africaexpressline.com\/wp-content\/uploads\/2023\/03\/eolis-lignes-horaires-slider-1-500&#215;500.webp\u00a0\u00bb _builder_version=\u00a0\u00bb4.20.4&Prime; _module_preset=\u00a0\u00bbdefault\u00a0\u00bb global_colors_info=\u00a0\u00bb{}\u00a0\u00bb theme_builder_area=\u00a0\u00bbpost_content\u00a0\u00bb][\/dnxte_coverflowslider_child][dnxte_coverflowslider_child coverflowslider_image=\u00a0\u00bbhttps:\/\/www.africaexpressline.com\/wp-content\/uploads\/2023\/03\/eolis-lignes-horaires-slider-2-500&#215;500.webp\u00a0\u00bb _builder_version=\u00a0\u00bb4.20.4&Prime; _module_preset=\u00a0\u00bbdefault\u00a0\u00bb global_colors_info=\u00a0\u00bb{}\u00a0\u00bb theme_builder_area=\u00a0\u00bbpost_content\u00a0\u00bb][\/dnxte_coverflowslider_child][dnxte_coverflowslider_child coverflowslider_image=\u00a0\u00bbhttps:\/\/www.africaexpressline.com\/wp-content\/uploads\/2023\/03\/eolis-lignes-horaires-slider-3-500&#215;500.webp\u00a0\u00bb _builder_version=\u00a0\u00bb4.20.4&Prime; _module_preset=\u00a0\u00bbdefault\u00a0\u00bb global_colors_info=\u00a0\u00bb{}\u00a0\u00bb theme_builder_area=\u00a0\u00bbpost_content\u00a0\u00bb][\/dnxte_coverflowslider_child][\/dnxte_coverflowslider_parent][\/et_pb_column][\/et_pb_row][\/et_pb_section]<\/div>\n","protected":false},"excerpt":{"rendered":"","protected":false},"author":1,"featured_media":0,"parent":0,"menu_order":0,"comment_status":"closed","ping_status":"open","template":"","meta":{"_et_pb_use_builder":"off","_et_pb_old_content":"<!-- wp:shortcode -->\n[ael-liners-schedule]\n<!-- \/wp:shortcode -->\n\n<!-- wp:divi\/layout -->\n<div class=\"wp-block-divi-layout\">[et_pb_section fb_built=\"1\" admin_label=\"section\" _builder_version=\"4.21.0\" width=\"100%\" max_width=\"100%\" custom_margin=\"20px|0px|0px|0px|false|false\" custom_padding=\"0px|0px|0px|0px|false|false\" global_colors_info=\"{}\" theme_builder_area=\"post_content\"][et_pb_row admin_label=\"row\" _builder_version=\"4.21.0\" background_size=\"initial\" background_position=\"top_left\" background_repeat=\"repeat\" width=\"100%\" custom_margin=\"0px|0px|0px|0px|false|false\" custom_padding=\"0px|0px|0px|0px|false|false\" global_colors_info=\"{}\" theme_builder_area=\"post_content\"][et_pb_column type=\"4_4\" _builder_version=\"4.21.0\" _module_preset=\"default\" global_colors_info=\"{}\" theme_builder_area=\"post_content\"][dnxte_coverflowslider_parent dnxte_coverflow_loop=\"on\" dnxte_coverflow_centered_slides=\"on\" dnxte_coverflow_auto_height=\"on\" dnxte_coverflow_equal_height=\"off\" dnxte_coverflow_grab=\"on\" dnxte_coverflow_keyboard_enable=\"off\" dnxte_coverflow_mousewheel_enable=\"off\" dnxte_coverflow_speed=\"674\" dnxte_coverflow_arrows=\"on\" dnxte_coverflow_pagination_type=\"none\" dnxte_coverflow_breakpoint_desktop=\"2\" dnxte_coverflow_arrow_color=\"rgba(255,255,255,0.7)\" dnxte_coverflow_arrow_background_color=\"rgba(255,255,255,0)\" dnxte_coverflow_arrow_size=\"48\" lightbox_showhide=\"on\" dnxte_coverflow_breakpoint_desktop_tablet=\"2\" dnxte_coverflow_breakpoint_desktop_phone=\"2\" dnxte_coverflow_breakpoint_desktop_last_edited=\"on|phone\" admin_label=\"Next Divi Carousel\" _builder_version=\"4.20.4\" _module_preset=\"default\" custom_padding=\"||||false|false\" custom_padding_tablet=\"||||false|false\" custom_padding_phone=\"||30px||false|false\" custom_padding_last_edited=\"on|phone\" border_radii_image_border=\"on|15px|15px|15px|15px\" global_colors_info=\"{}\" theme_builder_area=\"post_content\"][dnxte_coverflowslider_child coverflowslider_image=\"https:\/\/www.africaexpressline.com\/wp-content\/uploads\/2023\/03\/eolis-lignes-horaires-slider-1-500x500.webp\" _builder_version=\"4.20.4\" _module_preset=\"default\" global_colors_info=\"{}\" theme_builder_area=\"post_content\"][\/dnxte_coverflowslider_child][dnxte_coverflowslider_child coverflowslider_image=\"https:\/\/www.africaexpressline.com\/wp-content\/uploads\/2023\/03\/eolis-lignes-horaires-slider-2-500x500.webp\" _builder_version=\"4.20.4\" _module_preset=\"default\" global_colors_info=\"{}\" theme_builder_area=\"post_content\"][\/dnxte_coverflowslider_child][dnxte_coverflowslider_child coverflowslider_image=\"https:\/\/www.africaexpressline.com\/wp-content\/uploads\/2023\/03\/eolis-lignes-horaires-slider-3-500x500.webp\" _builder_version=\"4.20.4\" _module_preset=\"default\" global_colors_info=\"{}\" theme_builder_area=\"post_content\"][\/dnxte_coverflowslider_child][\/dnxte_coverflowslider_parent][\/et_pb_column][\/et_pb_row][\/et_pb_section]<\/div>\n<!-- \/wp:divi\/layout -->","_et_gb_content_width":"","footnotes":""},"class_list":["post-5218","page","type-page","status-publish","hentry"],"yoast_head":"<!-- This site is optimized with the Yoast SEO plugin v27.1.1 - https:\/\/yoast.com\/product\/yoast-seo-wordpress\/ -->\n<title>Services de transport efficaces, Afrique de l&#039;Ouest et l&#039;Europe | AEL<\/title>\n<meta name=\"description\" content=\"Les services hebdomadaires relient neuf ports entre l&#039;Afrique de l&#039;Ouest et l&#039;Europe, optimisant les rotations et r\u00e9duisant l&#039;empreinte carbone.\" \/>\n<meta name=\"robots\" content=\"index, follow, max-snippet:-1, max-image-preview:large, max-video-preview:-1\" \/>\n<link rel=\"canonical\" href=\"https:\/\/www.africaexpressline.com\/fr\/lignes-et-horaires\/\" \/>\n<meta property=\"og:locale\" content=\"fr_FR\" \/>\n<meta property=\"og:type\" content=\"article\" \/>\n<meta property=\"og:title\" content=\"Services de transport efficaces, Afrique de l&#039;Ouest et l&#039;Europe | AEL\" \/>\n<meta property=\"og:description\" content=\"Les services hebdomadaires relient neuf ports entre l&#039;Afrique de l&#039;Ouest et l&#039;Europe, optimisant les rotations et r\u00e9duisant l&#039;empreinte carbone.\" \/>\n<meta property=\"og:url\" content=\"https:\/\/www.africaexpressline.com\/fr\/lignes-et-horaires\/\" \/>\n<meta property=\"og:site_name\" content=\"Africa Express Line\" \/>\n<meta property=\"article:modified_time\" content=\"2025-02-13T09:44:57+00:00\" \/>\n<meta property=\"og:image\" content=\"https:\/\/www.africaexpressline.com\/wp-content\/uploads\/2023\/06\/ael-africa-express-line-logo.png\" \/>\n\t<meta property=\"og:image:width\" content=\"261\" \/>\n\t<meta property=\"og:image:height\" content=\"154\" \/>\n\t<meta property=\"og:image:type\" content=\"image\/png\" \/>\n<meta name=\"twitter:card\" content=\"summary_large_image\" \/>\n<meta name=\"twitter:label1\" content=\"Dur\u00e9e de lecture estim\u00e9e\" \/>\n\t<meta name=\"twitter:data1\" content=\"1 minute\" \/>\n<script type=\"application\/ld+json\" class=\"yoast-schema-graph\">{\"@context\":\"https:\/\/schema.org\",\"@graph\":[{\"@type\":\"WebPage\",\"@id\":\"https:\/\/www.africaexpressline.com\/fr\/lignes-et-horaires\/\",\"url\":\"https:\/\/www.africaexpressline.com\/fr\/lignes-et-horaires\/\",\"name\":\"Services de transport efficaces, Afrique de l'Ouest et l'Europe | AEL\",\"isPartOf\":{\"@id\":\"https:\/\/www.africaexpressline.com\/#website\"},\"datePublished\":\"2023-03-21T22:35:58+00:00\",\"dateModified\":\"2025-02-13T09:44:57+00:00\",\"description\":\"Les services hebdomadaires relient neuf ports entre l'Afrique de l'Ouest et l'Europe, optimisant les rotations et r\u00e9duisant l'empreinte carbone.\",\"breadcrumb\":{\"@id\":\"https:\/\/www.africaexpressline.com\/fr\/lignes-et-horaires\/#breadcrumb\"},\"inLanguage\":\"fr-FR\",\"potentialAction\":[{\"@type\":\"ReadAction\",\"target\":[\"https:\/\/www.africaexpressline.com\/fr\/lignes-et-horaires\/\"]}]},{\"@type\":\"BreadcrumbList\",\"@id\":\"https:\/\/www.africaexpressline.com\/fr\/lignes-et-horaires\/#breadcrumb\",\"itemListElement\":[{\"@type\":\"ListItem\",\"position\":1,\"name\":\"Home\",\"item\":\"https:\/\/www.africaexpressline.com\/fr\/\"},{\"@type\":\"ListItem\",\"position\":2,\"name\":\"Lignes et horaires\"}]},{\"@type\":\"WebSite\",\"@id\":\"https:\/\/www.africaexpressline.com\/#website\",\"url\":\"https:\/\/www.africaexpressline.com\/\",\"name\":\"Africa Express Line\",\"description\":\"AEL is a Compagnie Fruiti\u00e8re Group Company\",\"publisher\":{\"@id\":\"https:\/\/www.africaexpressline.com\/#organization\"},\"potentialAction\":[{\"@type\":\"SearchAction\",\"target\":{\"@type\":\"EntryPoint\",\"urlTemplate\":\"https:\/\/www.africaexpressline.com\/?s={search_term_string}\"},\"query-input\":{\"@type\":\"PropertyValueSpecification\",\"valueRequired\":true,\"valueName\":\"search_term_string\"}}],\"inLanguage\":\"fr-FR\"},{\"@type\":\"Organization\",\"@id\":\"https:\/\/www.africaexpressline.com\/#organization\",\"name\":\"Africa Express Line\",\"url\":\"https:\/\/www.africaexpressline.com\/\",\"logo\":{\"@type\":\"ImageObject\",\"inLanguage\":\"fr-FR\",\"@id\":\"https:\/\/www.africaexpressline.com\/#\/schema\/logo\/image\/\",\"url\":\"https:\/\/www.africaexpressline.com\/wp-content\/uploads\/2023\/06\/ael-africa-express-line-logo.webp\",\"contentUrl\":\"https:\/\/www.africaexpressline.com\/wp-content\/uploads\/2023\/06\/ael-africa-express-line-logo.webp\",\"width\":261,\"height\":154,\"caption\":\"Africa Express Line\"},\"image\":{\"@id\":\"https:\/\/www.africaexpressline.com\/#\/schema\/logo\/image\/\"}}]}<\/script>\n<!-- \/ Yoast SEO plugin. -->","yoast_head_json":{"title":"Services de transport efficaces, Afrique de l'Ouest et l'Europe | AEL","description":"Les services hebdomadaires relient neuf ports entre l'Afrique de l'Ouest et l'Europe, optimisant les rotations et r\u00e9duisant l'empreinte carbone.","robots":{"index":"index","follow":"follow","max-snippet":"max-snippet:-1","max-image-preview":"max-image-preview:large","max-video-preview":"max-video-preview:-1"},"canonical":"https:\/\/www.africaexpressline.com\/fr\/lignes-et-horaires\/","og_locale":"fr_FR","og_type":"article","og_title":"Services de transport efficaces, Afrique de l'Ouest et l'Europe | AEL","og_description":"Les services hebdomadaires relient neuf ports entre l'Afrique de l'Ouest et l'Europe, optimisant les rotations et r\u00e9duisant l'empreinte carbone.","og_url":"https:\/\/www.africaexpressline.com\/fr\/lignes-et-horaires\/","og_site_name":"Africa Express Line","article_modified_time":"2025-02-13T09:44:57+00:00","og_image":[{"width":261,"height":154,"url":"https:\/\/www.africaexpressline.com\/wp-content\/uploads\/2023\/06\/ael-africa-express-line-logo.png","type":"image\/png"}],"twitter_card":"summary_large_image","twitter_misc":{"Dur\u00e9e de lecture estim\u00e9e":"1 minute"},"schema":{"@context":"https:\/\/schema.org","@graph":[{"@type":"WebPage","@id":"https:\/\/www.africaexpressline.com\/fr\/lignes-et-horaires\/","url":"https:\/\/www.africaexpressline.com\/fr\/lignes-et-horaires\/","name":"Services de transport efficaces, Afrique de l'Ouest et l'Europe | AEL","isPartOf":{"@id":"https:\/\/www.africaexpressline.com\/#website"},"datePublished":"2023-03-21T22:35:58+00:00","dateModified":"2025-02-13T09:44:57+00:00","description":"Les services hebdomadaires relient neuf ports entre l'Afrique de l'Ouest et l'Europe, optimisant les rotations et r\u00e9duisant l'empreinte carbone.","breadcrumb":{"@id":"https:\/\/www.africaexpressline.com\/fr\/lignes-et-horaires\/#breadcrumb"},"inLanguage":"fr-FR","potentialAction":[{"@type":"ReadAction","target":["https:\/\/www.africaexpressline.com\/fr\/lignes-et-horaires\/"]}]},{"@type":"BreadcrumbList","@id":"https:\/\/www.africaexpressline.com\/fr\/lignes-et-horaires\/#breadcrumb","itemListElement":[{"@type":"ListItem","position":1,"name":"Home","item":"https:\/\/www.africaexpressline.com\/fr\/"},{"@type":"ListItem","position":2,"name":"Lignes et horaires"}]},{"@type":"WebSite","@id":"https:\/\/www.africaexpressline.com\/#website","url":"https:\/\/www.africaexpressline.com\/","name":"Africa Express Line","description":"AEL is a Compagnie Fruiti\u00e8re Group Company","publisher":{"@id":"https:\/\/www.africaexpressline.com\/#organization"},"potentialAction":[{"@type":"SearchAction","target":{"@type":"EntryPoint","urlTemplate":"https:\/\/www.africaexpressline.com\/?s={search_term_string}"},"query-input":{"@type":"PropertyValueSpecification","valueRequired":true,"valueName":"search_term_string"}}],"inLanguage":"fr-FR"},{"@type":"Organization","@id":"https:\/\/www.africaexpressline.com\/#organization","name":"Africa Express Line","url":"https:\/\/www.africaexpressline.com\/","logo":{"@type":"ImageObject","inLanguage":"fr-FR","@id":"https:\/\/www.africaexpressline.com\/#\/schema\/logo\/image\/","url":"https:\/\/www.africaexpressline.com\/wp-content\/uploads\/2023\/06\/ael-africa-express-line-logo.webp","contentUrl":"https:\/\/www.africaexpressline.com\/wp-content\/uploads\/2023\/06\/ael-africa-express-line-logo.webp","width":261,"height":154,"caption":"Africa Express Line"},"image":{"@id":"https:\/\/www.africaexpressline.com\/#\/schema\/logo\/image\/"}}]}},"_links":{"self":[{"href":"https:\/\/www.africaexpressline.com\/fr\/wp-json\/wp\/v2\/pages\/5218","targetHints":{"allow":["GET"]}}],"collection":[{"href":"https:\/\/www.africaexpressline.com\/fr\/wp-json\/wp\/v2\/pages"}],"about":[{"href":"https:\/\/www.africaexpressline.com\/fr\/wp-json\/wp\/v2\/types\/page"}],"author":[{"embeddable":true,"href":"https:\/\/www.africaexpressline.com\/fr\/wp-json\/wp\/v2\/users\/1"}],"replies":[{"embeddable":true,"href":"https:\/\/www.africaexpressline.com\/fr\/wp-json\/wp\/v2\/comments?post=5218"}],"version-history":[{"count":21,"href":"https:\/\/www.africaexpressline.com\/fr\/wp-json\/wp\/v2\/pages\/5218\/revisions"}],"predecessor-version":[{"id":6904,"href":"https:\/\/www.africaexpressline.com\/fr\/wp-json\/wp\/v2\/pages\/5218\/revisions\/6904"}],"wp:attachment":[{"href":"https:\/\/www.africaexpressline.com\/fr\/wp-json\/wp\/v2\/media?parent=5218"}],"curies":[{"name":"wp","href":"https:\/\/api.w.org\/{rel}","templated":true}]}}