{"id":5204,"date":"2023-03-21T23:27:31","date_gmt":"2023-03-21T22:27:31","guid":{"rendered":"https:\/\/ael2023.massilia.info\/?page_id=5204"},"modified":"2025-08-25T16:24:47","modified_gmt":"2025-08-25T14:24:47","slug":"logistique-integree","status":"publish","type":"page","link":"https:\/\/www.africaexpressline.com\/fr\/logistique-integree\/","title":{"rendered":"Logistique int\u00e9gr\u00e9e"},"content":{"rendered":"\n<p>Transporter votre produit d\u2019un point A \u00e0 un point B demande non seulement une ma\u00eetrise parfaite de la logistique multimodale, mais aussi une capacit\u00e9 \u00e0 s\u2019adapter aux sp\u00e9cificit\u00e9s pr\u00e9cises de chaque type de marchandises.<\/p>\n\n\n\n<p>Pour satisfaire cette double exigence, la Compagnie Fruiti\u00e8re met \u00e0 votre disposition les trois maillons d\u2019une cha\u00eene logistique performante mis au point par et pour notre groupe et capable de g\u00e9rer avec efficacit\u00e9 votre cargaison depuis sa prise en charge jusqu\u2019\u00e0 sa livraison.<\/p>\n\n\n\n<div class=\"wp-block-divi-layout\">[et_pb_section fb_built=\u00a0\u00bb1&Prime; admin_label=\u00a0\u00bbsection\u00a0\u00bb _builder_version=\u00a0\u00bb4.21.0&Prime; width=\u00a0\u00bb100%\u00a0\u00bb max_width=\u00a0\u00bb100%\u00a0\u00bb custom_margin=\u00a0\u00bb20px|0px|0px|0px|false|false\u00a0\u00bb custom_padding=\u00a0\u00bb0px|0px|0px|0px|false|false\u00a0\u00bb global_colors_info=\u00a0\u00bb{}\u00a0\u00bb theme_builder_area=\u00a0\u00bbpost_content\u00a0\u00bb][et_pb_row admin_label=\u00a0\u00bbrow\u00a0\u00bb _builder_version=\u00a0\u00bb4.21.0&Prime; background_size=\u00a0\u00bbinitial\u00a0\u00bb background_position=\u00a0\u00bbtop_left\u00a0\u00bb background_repeat=\u00a0\u00bbrepeat\u00a0\u00bb width=\u00a0\u00bb100%\u00a0\u00bb custom_margin=\u00a0\u00bb0px|0px|0px|0px|false|false\u00a0\u00bb custom_padding=\u00a0\u00bb0px|0px|0px|0px|false|false\u00a0\u00bb global_colors_info=\u00a0\u00bb{}\u00a0\u00bb theme_builder_area=\u00a0\u00bbpost_content\u00a0\u00bb][et_pb_column type=\u00a0\u00bb4_4&Prime; _builder_version=\u00a0\u00bb4.21.0&Prime; _module_preset=\u00a0\u00bbdefault\u00a0\u00bb global_colors_info=\u00a0\u00bb{}\u00a0\u00bb theme_builder_area=\u00a0\u00bbpost_content\u00a0\u00bb][dnxte_coverflowslider_parent dnxte_coverflow_loop=\u00a0\u00bbon\u00a0\u00bb dnxte_coverflow_centered_slides=\u00a0\u00bbon\u00a0\u00bb dnxte_coverflow_auto_height=\u00a0\u00bbon\u00a0\u00bb dnxte_coverflow_equal_height=\u00a0\u00bboff\u00a0\u00bb dnxte_coverflow_grab=\u00a0\u00bbon\u00a0\u00bb dnxte_coverflow_keyboard_enable=\u00a0\u00bboff\u00a0\u00bb dnxte_coverflow_mousewheel_enable=\u00a0\u00bboff\u00a0\u00bb dnxte_coverflow_speed=\u00a0\u00bb674&Prime; dnxte_coverflow_arrows=\u00a0\u00bbon\u00a0\u00bb dnxte_coverflow_pagination_type=\u00a0\u00bbnone\u00a0\u00bb dnxte_coverflow_breakpoint_desktop=\u00a0\u00bb2&Prime; dnxte_coverflow_arrow_color=\u00a0\u00bbrgba(255,255,255,0.7)\u00a0\u00bb dnxte_coverflow_arrow_background_color=\u00a0\u00bbrgba(255,255,255,0)\u00a0\u00bb dnxte_coverflow_arrow_size=\u00a0\u00bb48&Prime; lightbox_showhide=\u00a0\u00bbon\u00a0\u00bb dnxte_coverflow_breakpoint_desktop_tablet=\u00a0\u00bb2&Prime; dnxte_coverflow_breakpoint_desktop_phone=\u00a0\u00bb2&Prime; dnxte_coverflow_breakpoint_desktop_last_edited=\u00a0\u00bbon|phone\u00a0\u00bb admin_label=\u00a0\u00bbNext Divi Carousel\u00a0\u00bb _builder_version=\u00a0\u00bb4.20.2&Prime; _module_preset=\u00a0\u00bbdefault\u00a0\u00bb custom_padding=\u00a0\u00bb||||false|false\u00a0\u00bb custom_padding_tablet=\u00a0\u00bb||||false|false\u00a0\u00bb custom_padding_phone=\u00a0\u00bb||30px||false|false\u00a0\u00bb custom_padding_last_edited=\u00a0\u00bbon|phone\u00a0\u00bb border_radii_image_border=\u00a0\u00bbon|15px|15px|15px|15px\u00a0\u00bb global_colors_info=\u00a0\u00bb{}\u00a0\u00bb theme_builder_area=\u00a0\u00bbpost_content\u00a0\u00bb][dnxte_coverflowslider_child coverflowslider_image=\u00a0\u00bbhttps:\/\/www.africaexpressline.com\/wp-content\/uploads\/2023\/03\/eolis-logistique-integree-slider-1-500&#215;500.webp\u00a0\u00bb _builder_version=\u00a0\u00bb4.20.2&Prime; _module_preset=\u00a0\u00bbdefault\u00a0\u00bb global_colors_info=\u00a0\u00bb{}\u00a0\u00bb theme_builder_area=\u00a0\u00bbpost_content\u00a0\u00bb][\/dnxte_coverflowslider_child][dnxte_coverflowslider_child coverflowslider_image=\u00a0\u00bbhttps:\/\/www.africaexpressline.com\/wp-content\/uploads\/2023\/03\/eolis-logistique-integree-slider-2-500&#215;500.webp\u00a0\u00bb _builder_version=\u00a0\u00bb4.20.2&Prime; _module_preset=\u00a0\u00bbdefault\u00a0\u00bb global_colors_info=\u00a0\u00bb{}\u00a0\u00bb theme_builder_area=\u00a0\u00bbpost_content\u00a0\u00bb][\/dnxte_coverflowslider_child][dnxte_coverflowslider_child coverflowslider_image=\u00a0\u00bbhttps:\/\/www.africaexpressline.com\/wp-content\/uploads\/2023\/03\/eolis-logistique-integree-slider-3-500&#215;500.webp\u00a0\u00bb _builder_version=\u00a0\u00bb4.20.2&Prime; _module_preset=\u00a0\u00bbdefault\u00a0\u00bb global_colors_info=\u00a0\u00bb{}\u00a0\u00bb theme_builder_area=\u00a0\u00bbpost_content\u00a0\u00bb][\/dnxte_coverflowslider_child][\/dnxte_coverflowslider_parent][\/et_pb_column][\/et_pb_row][\/et_pb_section]<\/div>\n\n\n\n<p>Nos filiales expertes du shipping, Eolis, AEL et TransitFruits, rassemblent \u00e0 elles trois toutes les comp\u00e9tences dont votre logistique a besoin&nbsp;: Un r\u00e9seau d\u2019agences maritimes implant\u00e9es sur l\u2019ensemble des zones portuaires pour g\u00e9rer le transit et les formalit\u00e9s, une flotte de navires modernes et polyvalents sur des lignes r\u00e9guli\u00e8res pour vous permettre de vous engager sur les d\u00e9lais et organisateur de transport pour suivre, conduire et assurer le lien les diff\u00e9rentes phases du parcours maritime et terrestre.<\/p>\n\n\n<p><a target=\"_blank\" class=\"cf-content-btn\" href=\"https:\/\/www.eolis-log.com\/\">Eolis<\/a> <a target=\"_blank\" class=\"cf-content-btn\" href=\"https:\/\/www.transitfruits-eagle.com\/\">Transit Fruits<\/a><\/p>\n","protected":false},"excerpt":{"rendered":"<p>Transporter votre produit d\u2019un point A \u00e0 un point B demande non seulement une ma\u00eetrise parfaite de la logistique multimodale, mais aussi une capacit\u00e9 \u00e0 s\u2019adapter aux sp\u00e9cificit\u00e9s pr\u00e9cises de chaque type de marchandises. Pour satisfaire cette double exigence, la Compagnie Fruiti\u00e8re met \u00e0 votre disposition les trois maillons d\u2019une cha\u00eene logistique performante mis au [&hellip;]<\/p>\n","protected":false},"author":1,"featured_media":0,"parent":0,"menu_order":0,"comment_status":"closed","ping_status":"open","template":"","meta":{"_et_pb_use_builder":"off","_et_pb_old_content":"<!-- wp:paragraph -->\n<p>Transporter votre produit d\u2019un point A \u00e0 un point B demande non seulement une ma\u00eetrise parfaite de la logistique multimodale, mais aussi une capacit\u00e9 \u00e0 s\u2019adapter aux sp\u00e9cificit\u00e9s pr\u00e9cises de chaque type de marchandises.<\/p>\n<!-- \/wp:paragraph -->\n\n<!-- wp:paragraph -->\n<p>Pour satisfaire cette double exigence, la Compagnie Fruiti\u00e8re met \u00e0 votre disposition les trois maillons d\u2019une cha\u00eene logistique performante mis au point par et pour notre groupe et capable de g\u00e9rer avec efficacit\u00e9 votre cargaison depuis sa prise en charge jusqu\u2019\u00e0 sa livraison.<\/p>\n<!-- \/wp:paragraph -->\n\n<!-- wp:divi\/layout -->\n<div class=\"wp-block-divi-layout\">[et_pb_section fb_built=\"1\" admin_label=\"section\" _builder_version=\"4.21.0\" width=\"100%\" max_width=\"100%\" custom_margin=\"20px|0px|0px|0px|false|false\" custom_padding=\"0px|0px|0px|0px|false|false\" global_colors_info=\"{}\" theme_builder_area=\"post_content\"][et_pb_row admin_label=\"row\" _builder_version=\"4.21.0\" background_size=\"initial\" background_position=\"top_left\" background_repeat=\"repeat\" width=\"100%\" custom_margin=\"0px|0px|0px|0px|false|false\" custom_padding=\"0px|0px|0px|0px|false|false\" global_colors_info=\"{}\" theme_builder_area=\"post_content\"][et_pb_column type=\"4_4\" _builder_version=\"4.21.0\" _module_preset=\"default\" global_colors_info=\"{}\" theme_builder_area=\"post_content\"][dnxte_coverflowslider_parent dnxte_coverflow_loop=\"on\" dnxte_coverflow_centered_slides=\"on\" dnxte_coverflow_auto_height=\"on\" dnxte_coverflow_equal_height=\"off\" dnxte_coverflow_grab=\"on\" dnxte_coverflow_keyboard_enable=\"off\" dnxte_coverflow_mousewheel_enable=\"off\" dnxte_coverflow_speed=\"674\" dnxte_coverflow_arrows=\"on\" dnxte_coverflow_pagination_type=\"none\" dnxte_coverflow_breakpoint_desktop=\"2\" dnxte_coverflow_arrow_color=\"rgba(255,255,255,0.7)\" dnxte_coverflow_arrow_background_color=\"rgba(255,255,255,0)\" dnxte_coverflow_arrow_size=\"48\" lightbox_showhide=\"on\" dnxte_coverflow_breakpoint_desktop_tablet=\"2\" dnxte_coverflow_breakpoint_desktop_phone=\"2\" dnxte_coverflow_breakpoint_desktop_last_edited=\"on|phone\" admin_label=\"Next Divi Carousel\" _builder_version=\"4.20.2\" _module_preset=\"default\" custom_padding=\"||||false|false\" custom_padding_tablet=\"||||false|false\" custom_padding_phone=\"||30px||false|false\" custom_padding_last_edited=\"on|phone\" border_radii_image_border=\"on|15px|15px|15px|15px\" global_colors_info=\"{}\" theme_builder_area=\"post_content\"][dnxte_coverflowslider_child coverflowslider_image=\"https:\/\/www.africaexpressline.com\/wp-content\/uploads\/2023\/03\/eolis-logistique-integree-slider-1-500x500.webp\" _builder_version=\"4.20.2\" _module_preset=\"default\" global_colors_info=\"{}\" theme_builder_area=\"post_content\"][\/dnxte_coverflowslider_child][dnxte_coverflowslider_child coverflowslider_image=\"https:\/\/www.africaexpressline.com\/wp-content\/uploads\/2023\/03\/eolis-logistique-integree-slider-2-500x500.webp\" _builder_version=\"4.20.2\" _module_preset=\"default\" global_colors_info=\"{}\" theme_builder_area=\"post_content\"][\/dnxte_coverflowslider_child][dnxte_coverflowslider_child coverflowslider_image=\"https:\/\/www.africaexpressline.com\/wp-content\/uploads\/2023\/03\/eolis-logistique-integree-slider-3-500x500.webp\" _builder_version=\"4.20.2\" _module_preset=\"default\" global_colors_info=\"{}\" theme_builder_area=\"post_content\"][\/dnxte_coverflowslider_child][\/dnxte_coverflowslider_parent][\/et_pb_column][\/et_pb_row][\/et_pb_section]<\/div>\n<!-- \/wp:divi\/layout -->\n\n<!-- wp:paragraph -->\n<p>Nos filiales expertes du shipping, Eolis, AEL et TransitFruits, rassemblent \u00e0 elles trois toutes les comp\u00e9tences dont votre logistique a besoin&nbsp;: Un r\u00e9seau d\u2019agences maritimes implant\u00e9es sur l\u2019ensemble des zones portuaires pour g\u00e9rer le transit et les formalit\u00e9s, une flotte de navires modernes et polyvalents sur des lignes r\u00e9guli\u00e8res pour vous permettre de vous engager sur les d\u00e9lais et organisateur de transport pour suivre, conduire et assurer le lien les diff\u00e9rentes phases du parcours maritime et terrestre.<\/p>\n<!-- \/wp:paragraph -->\n\n<!-- wp:shortcode -->\n[bouton-in-content url='https:\/\/www.eolislogistique.com\/' text='Eolis' target='_blank'] [bouton-in-content url='https:\/\/www.transitfruits-eagle.com\/' text='Transit Fruits' target='_blank']\n<!-- \/wp:shortcode -->","_et_gb_content_width":"","footnotes":""},"class_list":["post-5204","page","type-page","status-publish","hentry"],"yoast_head":"<!-- This site is optimized with the Yoast SEO plugin v27.1.1 - https:\/\/yoast.com\/product\/yoast-seo-wordpress\/ -->\n<title>Solutions logistiques efficaces | AEL<\/title>\n<meta name=\"description\" content=\"Compagnie Fruiti\u00e8re propose des solutions logistiques efficaces, ma\u00eetrisant le transport multimodal pour r\u00e9pondre aux besoins des cargaisons.\" \/>\n<meta name=\"robots\" content=\"index, follow, max-snippet:-1, max-image-preview:large, max-video-preview:-1\" \/>\n<link rel=\"canonical\" href=\"https:\/\/www.africaexpressline.com\/fr\/logistique-integree\/\" \/>\n<meta property=\"og:locale\" content=\"fr_FR\" \/>\n<meta property=\"og:type\" content=\"article\" \/>\n<meta property=\"og:title\" content=\"Solutions logistiques efficaces | AEL\" \/>\n<meta property=\"og:description\" content=\"Compagnie Fruiti\u00e8re propose des solutions logistiques efficaces, ma\u00eetrisant le transport multimodal pour r\u00e9pondre aux besoins des cargaisons.\" \/>\n<meta property=\"og:url\" content=\"https:\/\/www.africaexpressline.com\/fr\/logistique-integree\/\" \/>\n<meta property=\"og:site_name\" content=\"Africa Express Line\" \/>\n<meta property=\"article:modified_time\" content=\"2025-08-25T14:24:47+00:00\" \/>\n<meta property=\"og:image\" content=\"https:\/\/www.africaexpressline.com\/wp-content\/uploads\/2023\/06\/ael-africa-express-line-logo.png\" \/>\n\t<meta property=\"og:image:width\" content=\"261\" \/>\n\t<meta property=\"og:image:height\" content=\"154\" \/>\n\t<meta property=\"og:image:type\" content=\"image\/png\" \/>\n<meta name=\"twitter:card\" content=\"summary_large_image\" \/>\n<meta name=\"twitter:label1\" content=\"Dur\u00e9e de lecture estim\u00e9e\" \/>\n\t<meta name=\"twitter:data1\" content=\"2 minutes\" \/>\n<script type=\"application\/ld+json\" class=\"yoast-schema-graph\">{\"@context\":\"https:\/\/schema.org\",\"@graph\":[{\"@type\":\"WebPage\",\"@id\":\"https:\/\/www.africaexpressline.com\/fr\/logistique-integree\/\",\"url\":\"https:\/\/www.africaexpressline.com\/fr\/logistique-integree\/\",\"name\":\"Solutions logistiques efficaces | AEL\",\"isPartOf\":{\"@id\":\"https:\/\/www.africaexpressline.com\/#website\"},\"datePublished\":\"2023-03-21T22:27:31+00:00\",\"dateModified\":\"2025-08-25T14:24:47+00:00\",\"description\":\"Compagnie Fruiti\u00e8re propose des solutions logistiques efficaces, ma\u00eetrisant le transport multimodal pour r\u00e9pondre aux besoins des cargaisons.\",\"breadcrumb\":{\"@id\":\"https:\/\/www.africaexpressline.com\/fr\/logistique-integree\/#breadcrumb\"},\"inLanguage\":\"fr-FR\",\"potentialAction\":[{\"@type\":\"ReadAction\",\"target\":[\"https:\/\/www.africaexpressline.com\/fr\/logistique-integree\/\"]}]},{\"@type\":\"BreadcrumbList\",\"@id\":\"https:\/\/www.africaexpressline.com\/fr\/logistique-integree\/#breadcrumb\",\"itemListElement\":[{\"@type\":\"ListItem\",\"position\":1,\"name\":\"Home\",\"item\":\"https:\/\/www.africaexpressline.com\/fr\/\"},{\"@type\":\"ListItem\",\"position\":2,\"name\":\"Logistique int\u00e9gr\u00e9e\"}]},{\"@type\":\"WebSite\",\"@id\":\"https:\/\/www.africaexpressline.com\/#website\",\"url\":\"https:\/\/www.africaexpressline.com\/\",\"name\":\"Africa Express Line\",\"description\":\"AEL is a Compagnie Fruiti\u00e8re Group Company\",\"publisher\":{\"@id\":\"https:\/\/www.africaexpressline.com\/#organization\"},\"potentialAction\":[{\"@type\":\"SearchAction\",\"target\":{\"@type\":\"EntryPoint\",\"urlTemplate\":\"https:\/\/www.africaexpressline.com\/?s={search_term_string}\"},\"query-input\":{\"@type\":\"PropertyValueSpecification\",\"valueRequired\":true,\"valueName\":\"search_term_string\"}}],\"inLanguage\":\"fr-FR\"},{\"@type\":\"Organization\",\"@id\":\"https:\/\/www.africaexpressline.com\/#organization\",\"name\":\"Africa Express Line\",\"url\":\"https:\/\/www.africaexpressline.com\/\",\"logo\":{\"@type\":\"ImageObject\",\"inLanguage\":\"fr-FR\",\"@id\":\"https:\/\/www.africaexpressline.com\/#\/schema\/logo\/image\/\",\"url\":\"https:\/\/www.africaexpressline.com\/wp-content\/uploads\/2023\/06\/ael-africa-express-line-logo.webp\",\"contentUrl\":\"https:\/\/www.africaexpressline.com\/wp-content\/uploads\/2023\/06\/ael-africa-express-line-logo.webp\",\"width\":261,\"height\":154,\"caption\":\"Africa Express Line\"},\"image\":{\"@id\":\"https:\/\/www.africaexpressline.com\/#\/schema\/logo\/image\/\"}}]}<\/script>\n<!-- \/ Yoast SEO plugin. -->","yoast_head_json":{"title":"Solutions logistiques efficaces | AEL","description":"Compagnie Fruiti\u00e8re propose des solutions logistiques efficaces, ma\u00eetrisant le transport multimodal pour r\u00e9pondre aux besoins des cargaisons.","robots":{"index":"index","follow":"follow","max-snippet":"max-snippet:-1","max-image-preview":"max-image-preview:large","max-video-preview":"max-video-preview:-1"},"canonical":"https:\/\/www.africaexpressline.com\/fr\/logistique-integree\/","og_locale":"fr_FR","og_type":"article","og_title":"Solutions logistiques efficaces | AEL","og_description":"Compagnie Fruiti\u00e8re propose des solutions logistiques efficaces, ma\u00eetrisant le transport multimodal pour r\u00e9pondre aux besoins des cargaisons.","og_url":"https:\/\/www.africaexpressline.com\/fr\/logistique-integree\/","og_site_name":"Africa Express Line","article_modified_time":"2025-08-25T14:24:47+00:00","og_image":[{"width":261,"height":154,"url":"https:\/\/www.africaexpressline.com\/wp-content\/uploads\/2023\/06\/ael-africa-express-line-logo.png","type":"image\/png"}],"twitter_card":"summary_large_image","twitter_misc":{"Dur\u00e9e de lecture estim\u00e9e":"2 minutes"},"schema":{"@context":"https:\/\/schema.org","@graph":[{"@type":"WebPage","@id":"https:\/\/www.africaexpressline.com\/fr\/logistique-integree\/","url":"https:\/\/www.africaexpressline.com\/fr\/logistique-integree\/","name":"Solutions logistiques efficaces | AEL","isPartOf":{"@id":"https:\/\/www.africaexpressline.com\/#website"},"datePublished":"2023-03-21T22:27:31+00:00","dateModified":"2025-08-25T14:24:47+00:00","description":"Compagnie Fruiti\u00e8re propose des solutions logistiques efficaces, ma\u00eetrisant le transport multimodal pour r\u00e9pondre aux besoins des cargaisons.","breadcrumb":{"@id":"https:\/\/www.africaexpressline.com\/fr\/logistique-integree\/#breadcrumb"},"inLanguage":"fr-FR","potentialAction":[{"@type":"ReadAction","target":["https:\/\/www.africaexpressline.com\/fr\/logistique-integree\/"]}]},{"@type":"BreadcrumbList","@id":"https:\/\/www.africaexpressline.com\/fr\/logistique-integree\/#breadcrumb","itemListElement":[{"@type":"ListItem","position":1,"name":"Home","item":"https:\/\/www.africaexpressline.com\/fr\/"},{"@type":"ListItem","position":2,"name":"Logistique int\u00e9gr\u00e9e"}]},{"@type":"WebSite","@id":"https:\/\/www.africaexpressline.com\/#website","url":"https:\/\/www.africaexpressline.com\/","name":"Africa Express Line","description":"AEL is a Compagnie Fruiti\u00e8re Group Company","publisher":{"@id":"https:\/\/www.africaexpressline.com\/#organization"},"potentialAction":[{"@type":"SearchAction","target":{"@type":"EntryPoint","urlTemplate":"https:\/\/www.africaexpressline.com\/?s={search_term_string}"},"query-input":{"@type":"PropertyValueSpecification","valueRequired":true,"valueName":"search_term_string"}}],"inLanguage":"fr-FR"},{"@type":"Organization","@id":"https:\/\/www.africaexpressline.com\/#organization","name":"Africa Express Line","url":"https:\/\/www.africaexpressline.com\/","logo":{"@type":"ImageObject","inLanguage":"fr-FR","@id":"https:\/\/www.africaexpressline.com\/#\/schema\/logo\/image\/","url":"https:\/\/www.africaexpressline.com\/wp-content\/uploads\/2023\/06\/ael-africa-express-line-logo.webp","contentUrl":"https:\/\/www.africaexpressline.com\/wp-content\/uploads\/2023\/06\/ael-africa-express-line-logo.webp","width":261,"height":154,"caption":"Africa Express Line"},"image":{"@id":"https:\/\/www.africaexpressline.com\/#\/schema\/logo\/image\/"}}]}},"_links":{"self":[{"href":"https:\/\/www.africaexpressline.com\/fr\/wp-json\/wp\/v2\/pages\/5204","targetHints":{"allow":["GET"]}}],"collection":[{"href":"https:\/\/www.africaexpressline.com\/fr\/wp-json\/wp\/v2\/pages"}],"about":[{"href":"https:\/\/www.africaexpressline.com\/fr\/wp-json\/wp\/v2\/types\/page"}],"author":[{"embeddable":true,"href":"https:\/\/www.africaexpressline.com\/fr\/wp-json\/wp\/v2\/users\/1"}],"replies":[{"embeddable":true,"href":"https:\/\/www.africaexpressline.com\/fr\/wp-json\/wp\/v2\/comments?post=5204"}],"version-history":[{"count":37,"href":"https:\/\/www.africaexpressline.com\/fr\/wp-json\/wp\/v2\/pages\/5204\/revisions"}],"predecessor-version":[{"id":8312,"href":"https:\/\/www.africaexpressline.com\/fr\/wp-json\/wp\/v2\/pages\/5204\/revisions\/8312"}],"wp:attachment":[{"href":"https:\/\/www.africaexpressline.com\/fr\/wp-json\/wp\/v2\/media?parent=5204"}],"curies":[{"name":"wp","href":"https:\/\/api.w.org\/{rel}","templated":true}]}}