{"id":5173,"date":"2023-03-21T23:02:02","date_gmt":"2023-03-21T22:02:02","guid":{"rendered":"https:\/\/ael2023.massilia.info\/?page_id=5173"},"modified":"2025-02-13T10:42:23","modified_gmt":"2025-02-13T09:42:23","slug":"a-propos","status":"publish","type":"page","link":"https:\/\/www.africaexpressline.com\/fr\/a-propos\/","title":{"rendered":"A propos"},"content":{"rendered":"\n<p>Initiales d\u2019Africa Express Line, notre compagnie AEL est une soci\u00e9t\u00e9 de droit britannique dont le si\u00e8ge est situ\u00e9 dans le Kent, au sud-est de l\u2019Angleterre. Nous organisons depuis des liaisons maritimes r\u00e9guli\u00e8res d\u00e9di\u00e9es au fret de marchandises entre l\u2019Afrique et les ports d\u2019Europe. Nous disposons pour mener \u00e0 bien cette mission d\u2019une flotte moderne de neuf navires sp\u00e9cialis\u00e9s pour relier vos sites de production aux diff\u00e9rentes zones de distribution.<\/p>\n\n\n\n<div class=\"wp-block-divi-layout\">[et_pb_section fb_built=\u00a0\u00bb1&Prime; admin_label=\u00a0\u00bbsection\u00a0\u00bb _builder_version=\u00a0\u00bb4.21.0&Prime; width=\u00a0\u00bb100%\u00a0\u00bb max_width=\u00a0\u00bb100%\u00a0\u00bb custom_margin=\u00a0\u00bb20px|0px|0px|0px|false|false\u00a0\u00bb custom_padding=\u00a0\u00bb0px|0px|0px|0px|false|false\u00a0\u00bb global_colors_info=\u00a0\u00bb{}\u00a0\u00bb][et_pb_row admin_label=\u00a0\u00bbrow\u00a0\u00bb _builder_version=\u00a0\u00bb4.21.0&Prime; background_size=\u00a0\u00bbinitial\u00a0\u00bb background_position=\u00a0\u00bbtop_left\u00a0\u00bb background_repeat=\u00a0\u00bbrepeat\u00a0\u00bb width=\u00a0\u00bb100%\u00a0\u00bb custom_margin=\u00a0\u00bb0px|0px|0px|0px|false|false\u00a0\u00bb custom_padding=\u00a0\u00bb0px|0px|0px|0px|false|false\u00a0\u00bb global_colors_info=\u00a0\u00bb{}\u00a0\u00bb][et_pb_column type=\u00a0\u00bb4_4&Prime; _builder_version=\u00a0\u00bb4.21.0&Prime; _module_preset=\u00a0\u00bbdefault\u00a0\u00bb global_colors_info=\u00a0\u00bb{}\u00a0\u00bb][dnxte_coverflowslider_parent dnxte_coverflow_loop=\u00a0\u00bbon\u00a0\u00bb dnxte_coverflow_centered_slides=\u00a0\u00bbon\u00a0\u00bb dnxte_coverflow_auto_height=\u00a0\u00bbon\u00a0\u00bb dnxte_coverflow_equal_height=\u00a0\u00bboff\u00a0\u00bb dnxte_coverflow_grab=\u00a0\u00bbon\u00a0\u00bb dnxte_coverflow_keyboard_enable=\u00a0\u00bboff\u00a0\u00bb dnxte_coverflow_mousewheel_enable=\u00a0\u00bboff\u00a0\u00bb dnxte_coverflow_speed=\u00a0\u00bb674&Prime; dnxte_coverflow_arrows=\u00a0\u00bbon\u00a0\u00bb dnxte_coverflow_pagination_type=\u00a0\u00bbnone\u00a0\u00bb dnxte_coverflow_breakpoint_desktop=\u00a0\u00bb2&Prime; dnxte_coverflow_arrow_color=\u00a0\u00bbrgba(255,255,255,0.7)\u00a0\u00bb dnxte_coverflow_arrow_background_color=\u00a0\u00bbrgba(255,255,255,0)\u00a0\u00bb dnxte_coverflow_arrow_size=\u00a0\u00bb48&Prime; lightbox_showhide=\u00a0\u00bbon\u00a0\u00bb dnxte_coverflow_breakpoint_desktop_tablet=\u00a0\u00bb2&Prime; dnxte_coverflow_breakpoint_desktop_phone=\u00a0\u00bb2&Prime; dnxte_coverflow_breakpoint_desktop_last_edited=\u00a0\u00bbon|phone\u00a0\u00bb admin_label=\u00a0\u00bbNext Divi Carousel\u00a0\u00bb _builder_version=\u00a0\u00bb4.21.0&Prime; _module_preset=\u00a0\u00bbdefault\u00a0\u00bb custom_padding=\u00a0\u00bb||||false|false\u00a0\u00bb custom_padding_tablet=\u00a0\u00bb||||false|false\u00a0\u00bb custom_padding_phone=\u00a0\u00bb||30px||false|false\u00a0\u00bb custom_padding_last_edited=\u00a0\u00bbon|phone\u00a0\u00bb hover_enabled=\u00a0\u00bb0&Prime; border_radii_image_border=\u00a0\u00bbon|15px|15px|15px|15px\u00a0\u00bb global_colors_info=\u00a0\u00bb{}\u00a0\u00bb sticky_enabled=\u00a0\u00bb0&Prime;][dnxte_coverflowslider_child coverflowslider_image=\u00a0\u00bbhttps:\/\/www.africaexpressline.com\/wp-content\/uploads\/2023\/06\/ael-about-slider-3-500&#215;500.webp\u00a0\u00bb _builder_version=\u00a0\u00bb4.21.0&Prime; _module_preset=\u00a0\u00bbdefault\u00a0\u00bb hover_enabled=\u00a0\u00bb0&Prime; global_colors_info=\u00a0\u00bb{}\u00a0\u00bb title_text=\u00a0\u00bbael-about-slider-3&Prime; sticky_enabled=\u00a0\u00bb0&Prime;][\/dnxte_coverflowslider_child][dnxte_coverflowslider_child coverflowslider_image=\u00a0\u00bbhttps:\/\/www.africaexpressline.com\/wp-content\/uploads\/2023\/06\/ael-about-slider-2-500&#215;500.webp\u00a0\u00bb _builder_version=\u00a0\u00bb4.21.0&Prime; _module_preset=\u00a0\u00bbdefault\u00a0\u00bb hover_enabled=\u00a0\u00bb0&Prime; global_colors_info=\u00a0\u00bb{}\u00a0\u00bb title_text=\u00a0\u00bbael-about-slider-2&Prime; sticky_enabled=\u00a0\u00bb0&Prime;][\/dnxte_coverflowslider_child][dnxte_coverflowslider_child coverflowslider_image=\u00a0\u00bbhttps:\/\/www.africaexpressline.com\/wp-content\/uploads\/2023\/06\/ael-about-slider-1-500&#215;500.webp\u00a0\u00bb _builder_version=\u00a0\u00bb4.21.0&Prime; _module_preset=\u00a0\u00bbdefault\u00a0\u00bb hover_enabled=\u00a0\u00bb0&Prime; global_colors_info=\u00a0\u00bb{}\u00a0\u00bb title_text=\u00a0\u00bbael-about-slider-1&Prime; sticky_enabled=\u00a0\u00bb0&Prime;][\/dnxte_coverflowslider_child][dnxte_coverflowslider_child _builder_version=\u00a0\u00bb4.21.0&Prime; _module_preset=\u00a0\u00bbdefault\u00a0\u00bb title_text=\u00a0\u00bbael-about-slider-4&Prime; coverflowslider_image=\u00a0\u00bbhttps:\/\/www.africaexpressline.com\/wp-content\/uploads\/2023\/06\/ael-about-slider-4-500&#215;500.webp\u00a0\u00bb hover_enabled=\u00a0\u00bb0&Prime; sticky_enabled=\u00a0\u00bb0&Prime;][\/dnxte_coverflowslider_child][\/dnxte_coverflowslider_parent][\/et_pb_column][\/et_pb_row][\/et_pb_section]<\/div>\n\n\n\n<p>Initiales d\u2019Africa Express Line, notre compagnie AEL est une soci\u00e9t\u00e9 de droit britannique dont le si\u00e8ge est situ\u00e9 dans le Kent, au sud-est de l\u2019Angleterre. Nous organisons depuis des liaisons maritimes r\u00e9guli\u00e8res d\u00e9di\u00e9es au fret de marchandises entre l\u2019Afrique et les ports d\u2019Europe. Nous disposons pour mener \u00e0 bien cette mission d\u2019une flotte moderne de neuf navires sp\u00e9cialis\u00e9s pour relier vos sites de production aux diff\u00e9rentes zones de distribution.<\/p>\n","protected":false},"excerpt":{"rendered":"<p>Initiales d\u2019Africa Express Line, notre compagnie AEL est une soci\u00e9t\u00e9 de droit britannique dont le si\u00e8ge est situ\u00e9 dans le Kent, au sud-est de l\u2019Angleterre. Nous organisons depuis des liaisons maritimes r\u00e9guli\u00e8res d\u00e9di\u00e9es au fret de marchandises entre l\u2019Afrique et les ports d\u2019Europe. Nous disposons pour mener \u00e0 bien cette mission d\u2019une flotte moderne de [&hellip;]<\/p>\n","protected":false},"author":1,"featured_media":0,"parent":0,"menu_order":0,"comment_status":"closed","ping_status":"open","template":"","meta":{"_et_pb_use_builder":"off","_et_pb_old_content":"","_et_gb_content_width":"","footnotes":""},"class_list":["post-5173","page","type-page","status-publish","hentry"],"yoast_head":"<!-- This site is optimized with the Yoast SEO plugin v27.1.1 - https:\/\/yoast.com\/product\/yoast-seo-wordpress\/ -->\n<title>Services de fret maritime entre l&#039;Afrique et l&#039;Europe | AEL<\/title>\n<meta name=\"description\" content=\"AEL relie les ports d&#039;Afrique et d&#039;Europe avec des navires modernes et sp\u00e9cialis\u00e9s, offrant des solutions de transport maritime fiables.\" \/>\n<meta name=\"robots\" content=\"index, follow, max-snippet:-1, max-image-preview:large, max-video-preview:-1\" \/>\n<link rel=\"canonical\" href=\"https:\/\/www.africaexpressline.com\/fr\/a-propos\/\" \/>\n<meta property=\"og:locale\" content=\"fr_FR\" \/>\n<meta property=\"og:type\" content=\"article\" \/>\n<meta property=\"og:title\" content=\"Services de fret maritime entre l&#039;Afrique et l&#039;Europe | AEL\" \/>\n<meta property=\"og:description\" content=\"AEL relie les ports d&#039;Afrique et d&#039;Europe avec des navires modernes et sp\u00e9cialis\u00e9s, offrant des solutions de transport maritime fiables.\" \/>\n<meta property=\"og:url\" content=\"https:\/\/www.africaexpressline.com\/fr\/a-propos\/\" \/>\n<meta property=\"og:site_name\" content=\"Africa Express Line\" \/>\n<meta property=\"article:modified_time\" content=\"2025-02-13T09:42:23+00:00\" \/>\n<meta property=\"og:image\" content=\"https:\/\/www.africaexpressline.com\/wp-content\/uploads\/2023\/06\/ael-africa-express-line-logo.png\" \/>\n\t<meta property=\"og:image:width\" content=\"261\" \/>\n\t<meta property=\"og:image:height\" content=\"154\" \/>\n\t<meta property=\"og:image:type\" content=\"image\/png\" \/>\n<meta name=\"twitter:card\" content=\"summary_large_image\" \/>\n<meta name=\"twitter:label1\" content=\"Dur\u00e9e de lecture estim\u00e9e\" \/>\n\t<meta name=\"twitter:data1\" content=\"1 minute\" \/>\n<script type=\"application\/ld+json\" class=\"yoast-schema-graph\">{\"@context\":\"https:\/\/schema.org\",\"@graph\":[{\"@type\":\"WebPage\",\"@id\":\"https:\/\/www.africaexpressline.com\/fr\/a-propos\/\",\"url\":\"https:\/\/www.africaexpressline.com\/fr\/a-propos\/\",\"name\":\"Services de fret maritime entre l'Afrique et l'Europe | AEL\",\"isPartOf\":{\"@id\":\"https:\/\/www.africaexpressline.com\/#website\"},\"datePublished\":\"2023-03-21T22:02:02+00:00\",\"dateModified\":\"2025-02-13T09:42:23+00:00\",\"description\":\"AEL relie les ports d'Afrique et d'Europe avec des navires modernes et sp\u00e9cialis\u00e9s, offrant des solutions de transport maritime fiables.\",\"breadcrumb\":{\"@id\":\"https:\/\/www.africaexpressline.com\/fr\/a-propos\/#breadcrumb\"},\"inLanguage\":\"fr-FR\",\"potentialAction\":[{\"@type\":\"ReadAction\",\"target\":[\"https:\/\/www.africaexpressline.com\/fr\/a-propos\/\"]}]},{\"@type\":\"BreadcrumbList\",\"@id\":\"https:\/\/www.africaexpressline.com\/fr\/a-propos\/#breadcrumb\",\"itemListElement\":[{\"@type\":\"ListItem\",\"position\":1,\"name\":\"Home\",\"item\":\"https:\/\/www.africaexpressline.com\/fr\/\"},{\"@type\":\"ListItem\",\"position\":2,\"name\":\"A propos\"}]},{\"@type\":\"WebSite\",\"@id\":\"https:\/\/www.africaexpressline.com\/#website\",\"url\":\"https:\/\/www.africaexpressline.com\/\",\"name\":\"Africa Express Line\",\"description\":\"AEL is a Compagnie Fruiti\u00e8re Group Company\",\"publisher\":{\"@id\":\"https:\/\/www.africaexpressline.com\/#organization\"},\"potentialAction\":[{\"@type\":\"SearchAction\",\"target\":{\"@type\":\"EntryPoint\",\"urlTemplate\":\"https:\/\/www.africaexpressline.com\/?s={search_term_string}\"},\"query-input\":{\"@type\":\"PropertyValueSpecification\",\"valueRequired\":true,\"valueName\":\"search_term_string\"}}],\"inLanguage\":\"fr-FR\"},{\"@type\":\"Organization\",\"@id\":\"https:\/\/www.africaexpressline.com\/#organization\",\"name\":\"Africa Express Line\",\"url\":\"https:\/\/www.africaexpressline.com\/\",\"logo\":{\"@type\":\"ImageObject\",\"inLanguage\":\"fr-FR\",\"@id\":\"https:\/\/www.africaexpressline.com\/#\/schema\/logo\/image\/\",\"url\":\"https:\/\/www.africaexpressline.com\/wp-content\/uploads\/2023\/06\/ael-africa-express-line-logo.webp\",\"contentUrl\":\"https:\/\/www.africaexpressline.com\/wp-content\/uploads\/2023\/06\/ael-africa-express-line-logo.webp\",\"width\":261,\"height\":154,\"caption\":\"Africa Express Line\"},\"image\":{\"@id\":\"https:\/\/www.africaexpressline.com\/#\/schema\/logo\/image\/\"}}]}<\/script>\n<!-- \/ Yoast SEO plugin. -->","yoast_head_json":{"title":"Services de fret maritime entre l'Afrique et l'Europe | AEL","description":"AEL relie les ports d'Afrique et d'Europe avec des navires modernes et sp\u00e9cialis\u00e9s, offrant des solutions de transport maritime fiables.","robots":{"index":"index","follow":"follow","max-snippet":"max-snippet:-1","max-image-preview":"max-image-preview:large","max-video-preview":"max-video-preview:-1"},"canonical":"https:\/\/www.africaexpressline.com\/fr\/a-propos\/","og_locale":"fr_FR","og_type":"article","og_title":"Services de fret maritime entre l'Afrique et l'Europe | AEL","og_description":"AEL relie les ports d'Afrique et d'Europe avec des navires modernes et sp\u00e9cialis\u00e9s, offrant des solutions de transport maritime fiables.","og_url":"https:\/\/www.africaexpressline.com\/fr\/a-propos\/","og_site_name":"Africa Express Line","article_modified_time":"2025-02-13T09:42:23+00:00","og_image":[{"width":261,"height":154,"url":"https:\/\/www.africaexpressline.com\/wp-content\/uploads\/2023\/06\/ael-africa-express-line-logo.png","type":"image\/png"}],"twitter_card":"summary_large_image","twitter_misc":{"Dur\u00e9e de lecture estim\u00e9e":"1 minute"},"schema":{"@context":"https:\/\/schema.org","@graph":[{"@type":"WebPage","@id":"https:\/\/www.africaexpressline.com\/fr\/a-propos\/","url":"https:\/\/www.africaexpressline.com\/fr\/a-propos\/","name":"Services de fret maritime entre l'Afrique et l'Europe | AEL","isPartOf":{"@id":"https:\/\/www.africaexpressline.com\/#website"},"datePublished":"2023-03-21T22:02:02+00:00","dateModified":"2025-02-13T09:42:23+00:00","description":"AEL relie les ports d'Afrique et d'Europe avec des navires modernes et sp\u00e9cialis\u00e9s, offrant des solutions de transport maritime fiables.","breadcrumb":{"@id":"https:\/\/www.africaexpressline.com\/fr\/a-propos\/#breadcrumb"},"inLanguage":"fr-FR","potentialAction":[{"@type":"ReadAction","target":["https:\/\/www.africaexpressline.com\/fr\/a-propos\/"]}]},{"@type":"BreadcrumbList","@id":"https:\/\/www.africaexpressline.com\/fr\/a-propos\/#breadcrumb","itemListElement":[{"@type":"ListItem","position":1,"name":"Home","item":"https:\/\/www.africaexpressline.com\/fr\/"},{"@type":"ListItem","position":2,"name":"A propos"}]},{"@type":"WebSite","@id":"https:\/\/www.africaexpressline.com\/#website","url":"https:\/\/www.africaexpressline.com\/","name":"Africa Express Line","description":"AEL is a Compagnie Fruiti\u00e8re Group Company","publisher":{"@id":"https:\/\/www.africaexpressline.com\/#organization"},"potentialAction":[{"@type":"SearchAction","target":{"@type":"EntryPoint","urlTemplate":"https:\/\/www.africaexpressline.com\/?s={search_term_string}"},"query-input":{"@type":"PropertyValueSpecification","valueRequired":true,"valueName":"search_term_string"}}],"inLanguage":"fr-FR"},{"@type":"Organization","@id":"https:\/\/www.africaexpressline.com\/#organization","name":"Africa Express Line","url":"https:\/\/www.africaexpressline.com\/","logo":{"@type":"ImageObject","inLanguage":"fr-FR","@id":"https:\/\/www.africaexpressline.com\/#\/schema\/logo\/image\/","url":"https:\/\/www.africaexpressline.com\/wp-content\/uploads\/2023\/06\/ael-africa-express-line-logo.webp","contentUrl":"https:\/\/www.africaexpressline.com\/wp-content\/uploads\/2023\/06\/ael-africa-express-line-logo.webp","width":261,"height":154,"caption":"Africa Express Line"},"image":{"@id":"https:\/\/www.africaexpressline.com\/#\/schema\/logo\/image\/"}}]}},"_links":{"self":[{"href":"https:\/\/www.africaexpressline.com\/fr\/wp-json\/wp\/v2\/pages\/5173","targetHints":{"allow":["GET"]}}],"collection":[{"href":"https:\/\/www.africaexpressline.com\/fr\/wp-json\/wp\/v2\/pages"}],"about":[{"href":"https:\/\/www.africaexpressline.com\/fr\/wp-json\/wp\/v2\/types\/page"}],"author":[{"embeddable":true,"href":"https:\/\/www.africaexpressline.com\/fr\/wp-json\/wp\/v2\/users\/1"}],"replies":[{"embeddable":true,"href":"https:\/\/www.africaexpressline.com\/fr\/wp-json\/wp\/v2\/comments?post=5173"}],"version-history":[{"count":27,"href":"https:\/\/www.africaexpressline.com\/fr\/wp-json\/wp\/v2\/pages\/5173\/revisions"}],"predecessor-version":[{"id":7345,"href":"https:\/\/www.africaexpressline.com\/fr\/wp-json\/wp\/v2\/pages\/5173\/revisions\/7345"}],"wp:attachment":[{"href":"https:\/\/www.africaexpressline.com\/fr\/wp-json\/wp\/v2\/media?parent=5173"}],"curies":[{"name":"wp","href":"https:\/\/api.w.org\/{rel}","templated":true}]}}